{"id":11911,"date":"2018-03-11T15:36:26","date_gmt":"2018-03-11T15:36:26","guid":{"rendered":"http:\/\/www.vri.fi\/vriry\/?page_id=11911"},"modified":"2025-01-14T20:16:06","modified_gmt":"2025-01-14T17:16:06","slug":"vri-2","status":"publish","type":"page","link":"https:\/\/www.vri.fi\/vriry\/vri-2\/","title":{"rendered":"VRI"},"content":{"rendered":"<div class=\"fusion-fullwidth fullwidth-box fusion-builder-row-1 hundred-percent-fullwidth non-hundred-percent-height-scrolling\"  style='background-color: #ffffff;background-position: center center;background-repeat: no-repeat;padding-top:0px;padding-right:0px;padding-bottom:0px;padding-left:0px;'><div class=\"fusion-builder-row fusion-row \"><div  class=\"fusion-layout-column fusion_builder_column fusion_builder_column_1_1 fusion-builder-column-1 fusion-one-full fusion-column-first fusion-column-last fusion-column-no-min-height 1_1\"  style='margin-top:0px;margin-bottom:0px;'>\n\t\t\t\t\t<div class=\"fusion-column-wrapper\" style=\"padding: 0px 0px 0px 0px;background-position:left top;background-repeat:no-repeat;-webkit-background-size:cover;-moz-background-size:cover;-o-background-size:cover;background-size:cover;\"   data-bg-url=\"\">\n\t\t\t\t\t\t<style type=\"text\/css\"><\/style><div class=\"fusion-title title fusion-title-1 fusion-title-text fusion-title-size-two\" style=\"margin-top:0px;margin-bottom:30px;\"><h2 class=\"title-heading-left\" style=\"margin:0;\">Raideliikenteen insin\u00f6\u00f6rit ja ylemm\u00e4t toimihenkil\u00f6t VRI ry<\/h2><div class=\"title-sep-container\"><div class=\"title-sep sep-double sep-solid\" style=\"border-color:#e0dede;\"><\/div><\/div><\/div><div class=\"fusion-text\"><p><span class=\"s4\">VRI ry on vuonna 1956 <\/span><span class=\"s4\">Valtionrautateill\u00e4 <\/span><span class=\"s4\">perustettu rautatiealalla toimivien insin\u00f6\u00f6rien yhdistys. <\/span><span class=\"s4\">\u00a0<\/span><span class=\"s4\">VRI:n<\/span><span class=\"s4\"> j\u00e4senet toimivat useissa rautatiealan yrityksiss\u00e4 ja virastoissa<\/span><span class=\"s4\"> mm. <\/span><span class=\"s4\">rataverkon ja kaluston yll\u00e4pidossa, konsultoinnissa, rataverkon hallinnossa ja turvallisuusalalla. <\/span><\/p>\n<p>\u00a0<\/p>\n<p><span class=\"s4\">Insin\u00f6\u00f6riliiton<\/span><span class=\"s4\"> ty\u00f6tt\u00f6myy<\/span><span class=\"s4\">skassa on <a href=\"https:\/\/kokokassa.fi\/\">KOKO<\/a><\/span><span class=\"s4\">-kassa.<\/span><span class=\"s4\">, joka<\/span><span class=\"s4\"> on Suomen toiseksi suurin ty\u00f6tt\u00f6myyskassa. KOKO-kassaan kuuluu yli 200 000 korkeasti koulutettua ylemp\u00e4\u00e4 toimihenkil\u00f6\u00e4 tai vastaavassa asemassa olevaa palkansaajaa.<\/span><\/p>\n<p>KOKO maksaa j\u00e4senilleen ty\u00f6tt\u00f6myyden, lomautuksen tai ty\u00f6voimapoliittisten toimenpiteiden ajalta ansiop\u00e4iv\u00e4rahaa ja vuorotteluvapaan ajalta vuorottelukorvausta. Lis\u00e4ksi kassa maksaa liikkuvuusavustusta, jonka tarkoituksena on tukea ty\u00f6n vastaanottamista pidemm\u00e4n ty\u00f6matkan p\u00e4\u00e4st\u00e4.<\/p>\n<\/div><div class=\"fusion-clearfix\"><\/div>\n\n\t\t\t\t\t<\/div>\n\t\t\t\t<\/div><div  class=\"fusion-layout-column fusion_builder_column fusion_builder_column_1_1 fusion-builder-column-2 fusion-one-full fusion-column-first fusion-column-last fusion-column-no-min-height 1_1\"  style='margin-top:0px;margin-bottom:0px;'>\n\t\t\t\t\t<div class=\"fusion-column-wrapper\" style=\"padding: 0px 0px 0px 0px;background-position:left top;background-repeat:no-repeat;-webkit-background-size:cover;-moz-background-size:cover;-o-background-size:cover;background-size:cover;\"   data-bg-url=\"\">\n\t\t\t\t\t\t<div class=\"fusion-clearfix\"><\/div>\n\n\t\t\t\t\t<\/div>\n\t\t\t\t<\/div><div  class=\"fusion-layout-column fusion_builder_column fusion_builder_column_1_1 fusion-builder-column-3 fusion-one-full fusion-column-first fusion-column-last fusion-column-no-min-height 1_1\"  style='margin-top:0px;margin-bottom:0px;'>\n\t\t\t\t\t<div class=\"fusion-column-wrapper\" style=\"padding: 0px 0px 0px 0px;background-position:left top;background-repeat:no-repeat;-webkit-background-size:cover;-moz-background-size:cover;-o-background-size:cover;background-size:cover;\"   data-bg-url=\"\">\n\t\t\t\t\t\t<div class=\"fusion-clearfix\"><\/div>\n\n\t\t\t\t\t<\/div>\n\t\t\t\t<\/div><\/div><\/div>\n","protected":false},"excerpt":{"rendered":"","protected":false},"author":1,"featured_media":0,"parent":0,"menu_order":0,"comment_status":"closed","ping_status":"open","template":"side-navigation.php","meta":{"footnotes":""},"class_list":["post-11911","page","type-page","status-publish","hentry"],"_links":{"self":[{"href":"https:\/\/www.vri.fi\/vriry\/wp-json\/wp\/v2\/pages\/11911","targetHints":{"allow":["GET"]}}],"collection":[{"href":"https:\/\/www.vri.fi\/vriry\/wp-json\/wp\/v2\/pages"}],"about":[{"href":"https:\/\/www.vri.fi\/vriry\/wp-json\/wp\/v2\/types\/page"}],"author":[{"embeddable":true,"href":"https:\/\/www.vri.fi\/vriry\/wp-json\/wp\/v2\/users\/1"}],"replies":[{"embeddable":true,"href":"https:\/\/www.vri.fi\/vriry\/wp-json\/wp\/v2\/comments?post=11911"}],"version-history":[{"count":4,"href":"https:\/\/www.vri.fi\/vriry\/wp-json\/wp\/v2\/pages\/11911\/revisions"}],"predecessor-version":[{"id":12708,"href":"https:\/\/www.vri.fi\/vriry\/wp-json\/wp\/v2\/pages\/11911\/revisions\/12708"}],"wp:attachment":[{"href":"https:\/\/www.vri.fi\/vriry\/wp-json\/wp\/v2\/media?parent=11911"}],"curies":[{"name":"wp","href":"https:\/\/api.w.org\/{rel}","templated":true}]}}