{"id":12034,"date":"2018-03-11T15:44:15","date_gmt":"2018-03-11T15:44:15","guid":{"rendered":"http:\/\/www.vri.fi\/vriry\/?page_id=12034"},"modified":"2025-04-02T17:36:34","modified_gmt":"2025-04-02T14:36:34","slug":"snnt","status":"publish","type":"page","link":"https:\/\/www.vri.fi\/vriry\/vri-2\/snnt\/","title":{"rendered":"S&auml;&auml;nn&ouml;t"},"content":{"rendered":"<div class=\"fusion-fullwidth fullwidth-box fusion-builder-row-1 hundred-percent-fullwidth non-hundred-percent-height-scrolling\"  style='background-color: #ffffff;background-position: center center;background-repeat: no-repeat;padding-top:0px;padding-right:0px;padding-bottom:0px;padding-left:0px;'><div class=\"fusion-builder-row fusion-row \"><div  class=\"fusion-layout-column fusion_builder_column fusion_builder_column_1_1 fusion-builder-column-1 fusion-one-full fusion-column-first fusion-column-last fusion-column-no-min-height 1_1\"  style='margin-top:0px;margin-bottom:0px;'>\n\t\t\t\t\t<div class=\"fusion-column-wrapper\" style=\"padding: 0px 0px 0px 0px;background-position:left top;background-repeat:no-repeat;-webkit-background-size:cover;-moz-background-size:cover;-o-background-size:cover;background-size:cover;\"   data-bg-url=\"\">\n\t\t\t\t\t\t<style type=\"text\/css\"><\/style><div class=\"fusion-title title fusion-title-1 fusion-title-text fusion-title-size-two\" style=\"margin-top:0px;margin-bottom:30px;\"><h2 class=\"title-heading-left\" style=\"margin:0;\">S\u00e4\u00e4nn\u00f6t<\/h2><div class=\"title-sep-container\"><div class=\"title-sep sep-double sep-solid\" style=\"border-color:#e0dede;\"><\/div><\/div><\/div><div class=\"fusion-text\"><p><strong>Raideliikenteen insin\u00f6\u00f6rit ja ylemm\u00e4t toimihenkil\u00f6t VRI ry<\/strong><\/p>\n<p>S\u00e4\u00e4nn\u00f6t<\/p>\n<p><strong>1 \u00a7 NIMI JA KOTIPAIKKA<\/strong><\/p>\n<ul>\n<li>Yhdistyksen nimi on Raideliikenteen insin\u00f6\u00f6rit ja ylemm\u00e4t toimihenkil\u00f6t VRI ry. Yhdistyksen kotipaikka on Helsingin kaupunki sek\u00e4 toiminta-alueena koko maa.<\/li>\n<\/ul>\n<p>\u00a0<\/p>\n<p><strong>2 \u00a7 TARKOITUS JA TOIMINTAMUODOT<\/strong><\/p>\n<p>Yhdistyksen tarkoituksena on<\/p>\n<ul>\n<li>edist\u00e4\u00e4 ja valvoa j\u00e4senist\u00f6ns\u00e4 ammatillista, koulutuksellista, yhteiskunnallista, oikeudellista ja taloudellista hyvinvointia sek\u00e4 muita yleisi\u00e4 etuja.<\/li>\n<li>raideliikennealan toimihenkil\u00f6iden yhdyssiteen\u00e4, edustaa heit\u00e4 ja kehitt\u00e4\u00e4 heid\u00e4n yhteiskunnallisia ja ammatillisia taitojaan sek\u00e4 muita etujaan.<\/li>\n<\/ul>\n<p>Tarkoituksensa toteuttamiseksi yhdistys<\/p>\n<ul>\n<li>hankkii j\u00e4senikseen mahdollisimman suuren m\u00e4\u00e4r\u00e4n j\u00e4senkelpoisia raideliikennealalla vaikuttavia insin\u00f6\u00f6rej\u00e4 ja rakennusarkkitehtej\u00e4.<\/li>\n<li>j\u00e4rjest\u00e4\u00e4 kokous-, neuvottelu-, kurssi-, esitelm\u00e4-, tiedotus- ja juhlatilaisuuksia, opintomatkoja sek\u00e4 muuta vastaavaa valistusty\u00f6t\u00e4.<\/li>\n<li>voi muodostaa j\u00e4senist\u00e4\u00e4n paikkakunta-, ammattiala-, ty\u00f6paikka- tai j\u00e4senryhm\u00e4kohtaisia rekister\u00f6ityj\u00e4 tai rekister\u00f6im\u00e4tt\u00f6mi\u00e4 ryhmi\u00e4 tai yhdistyksi\u00e4.<\/li>\n<li>kehitt\u00e4\u00e4 alan sidosryhmien yhteisty\u00f6t\u00e4 ja ryhtyy tarpeen mukaan kehitt\u00e4m\u00e4\u00e4n yhdistyksen tarkoitusta edist\u00e4vi\u00e4 toimenpiteit\u00e4.<\/li>\n<li>voi olla j\u00e4senen\u00e4 tai liitty\u00e4 j\u00e4seneksi samanlaisia tarkoitusperi\u00e4 ajaviin muihin j\u00e4rjest\u00f6ihin.<\/li>\n<li>voi k\u00e4ytt\u00e4\u00e4 painostustoimenpiteit\u00e4.<\/li>\n<\/ul>\n<p><strong>\u00a0<\/strong><\/p>\n<p><strong>3 \u00a7 SIDOSJ\u00c4RJEST\u00d6T<\/strong><\/p>\n<p>Yhdistys voi kuulua j\u00e4senen\u00e4 yhdistyksen toimintaa ja tarkoitusta edist\u00e4viin yhdistyksiin.<\/p>\n<p>Yhdistyksiin liittymisest\u00e4 tai niist\u00e4 eroamisista p\u00e4\u00e4tt\u00e4\u00e4 hallituksen esityksest\u00e4 yhdistyskokous ja asia on mainittava kokouskutsussa.<\/p>\n<p><strong>\u00a0<\/strong><\/p>\n<p><strong>4 \u00a7 TOIMINNAN TUKEMINEN<\/strong><\/p>\n<p>Yhdistys on toimintansa tukemiseksi oikeutettu ottamaan vastaan avustuksia, lahjoituksia ja testamentteja, asianomaisella luvalla j\u00e4rjest\u00e4m\u00e4\u00e4n ker\u00e4yksi\u00e4, arpajaisia sek\u00e4 juhla- ja huvitilaisuuksia, harjoittamaan kustannus- ja julkaisutoimintaa sek\u00e4 omistamaan kiinteist\u00f6j\u00e4 ja arvopapereita sek\u00e4 vuokraamaan omistamiaan tai hallinnoimiaan kiinteist\u00f6j\u00e4 tai osuuksia.<\/p>\n<p>Yhdistyksell\u00e4 on oikeus perustaa rahastoja.<\/p>\n<p><strong>\u00a0<\/strong><\/p>\n<p><strong>5 \u00a7 J\u00c4SENET<\/strong><\/p>\n<p>Varsinaiset j\u00e4senet<\/p>\n<p>Yhdistyksen varsinaiseksi j\u00e4seneksi voi liitty\u00e4 Suomen kansalainen, joka<\/p>\n<ul>\n<li>on suorittanut Suomessa teknillisess\u00e4 oppilaitoksessa insin\u00f6\u00f6rin tai rakennusarkkitehdin tutkinnon tai ammattikorkeakoulussa tekniikan ammattikorkeakoulututkinnon.<\/li>\n<li>toimii raideliikennealan toimihenkil\u00f6teht\u00e4viss\u00e4 tai muussa teht\u00e4v\u00e4ss\u00e4, jossa edist\u00e4\u00e4 raideliikenteen kehityst\u00e4 ja kilpailukyky\u00e4.<\/li>\n<\/ul>\n<p>Yhdistykseen voi varsinaiseksi j\u00e4seneksi liitty\u00e4 muukin kuin Suomen kansalainen, joka t\u00e4ytt\u00e4\u00e4 koulutukseltaan Suomen kansalaiselle asetetun koulutusvaatimuksen ja jolla on kotipaikka Suomessa.<\/p>\n<p>Yhdistyksen uudet j\u00e4senet hyv\u00e4ksyy anomuksesta hallitus yksimielisell\u00e4 p\u00e4\u00e4t\u00f6ksell\u00e4. Hakijalla t\u00e4ytyy olla yhdistyksen kahden j\u00e4senen kirjallinen suositus.<\/p>\n<p>Kunniapuheenjohtaja<\/p>\n<p>Yhdistyksen kokous voi kutsua kunniapuheenjohtajaksi yhdistyksen puheenjohtajana erityisesti ansioituneen j\u00e4senens\u00e4. Yhdistyksell\u00e4 voi olla vain yksi kunniapuheenjohtaja kerrallaan. Kutsumista tulee kannattaa v\u00e4hint\u00e4\u00e4n kaksi kolmasosaa (2\/3) annetuista \u00e4\u00e4nist\u00e4.<\/p>\n<p>Kunniaj\u00e4sen<\/p>\n<p>Yhdistyksen kunniaj\u00e4seniksi voidaan hallituksen ehdotuksesta ja yhdistyksen kokouksen p\u00e4\u00e4t\u00f6ksen mukaan kutsua yhdistyksen tarkoitusperi\u00e4 edist\u00e4neit\u00e4 henkil\u00f6it\u00e4, jolloin kutsumista tulee kannattaa 2\/3 annetuista \u00e4\u00e4nist\u00e4.<\/p>\n<p>El\u00e4kel\u00e4isj\u00e4sen<\/p>\n<p>Yhdistyksen el\u00e4kel\u00e4isj\u00e4seneksi p\u00e4\u00e4see j\u00e4sen, joka on el\u00e4kkeell\u00e4 ja on v\u00e4hint\u00e4\u00e4n viisi (5) viimeist\u00e4 vuotta ennen el\u00e4kkeelle siirtymist\u00e4\u00e4n suorittanut j\u00e4senmaksunsa. El\u00e4kel\u00e4isj\u00e4senell\u00e4 on varsinaisen j\u00e4senen oikeudet.<\/p>\n<p>Kannattajaj\u00e4sen<\/p>\n<p>Kannattajaj\u00e4seneksi voivat liitty\u00e4 hallituksen hyv\u00e4ksym\u00e4t oikeuskelpoiset yhteis\u00f6t sek\u00e4 yksityiset kansalaiset, jotka tahtovat tukea ja edist\u00e4\u00e4 yhdistyksen toimintaa.<\/p>\n<p>J\u00e4senoikeudet<\/p>\n<p>Yhdistyksen j\u00e4sen s\u00e4ilytt\u00e4\u00e4 saavuttamansa j\u00e4senoikeudet, ellei yhdistyslaki tai n\u00e4m\u00e4 s\u00e4\u00e4nn\u00f6t anna oikeutta niiden muuttamiseen. Ennen n\u00e4iden s\u00e4\u00e4nt\u00f6jen voimaantuloa saavutetut j\u00e4senoikeudet s\u00e4ilyv\u00e4t. J\u00e4seneksi hyv\u00e4ksytyill\u00e4 yhdistysj\u00e4senten henkil\u00f6j\u00e4senill\u00e4 on samat j\u00e4senoikeudet ja velvollisuudet kuin varsinaisilla j\u00e4senill\u00e4.<\/p>\n<p>\u00a0<\/p>\n<p><strong>6 \u00a7 J\u00c4SENMAKSUT JA VELVOLLISUUDET<\/strong><\/p>\n<p>Yhdistyksen vuotuisen j\u00e4senmaksun suuruuden m\u00e4\u00e4r\u00e4\u00e4 yhdistyksen kokous varsinaisille j\u00e4senille, el\u00e4kel\u00e4is- ja kannattajaj\u00e4senille. Yhdistyksen hallitus voi sairauden, ty\u00f6tt\u00f6myyden tai muun pakottavan syyn vuoksi anomuksesta vapauttaa j\u00e4senen osittain tai kokonaan j\u00e4senmaksun suorittamisesta.<\/p>\n<p>Kunniapuheenjohtaja ja kunniaj\u00e4senet ovat vapautettuja yhdistyksen j\u00e4senmaksusta. J\u00e4senen on noudatettava yhdistyksen s\u00e4\u00e4nt\u00f6j\u00e4.<\/p>\n<p>\u00a0<\/p>\n<p><strong>7 \u00a7 EROAMINEN<\/strong><\/p>\n<p>J\u00e4sen voi erota yhdistyksest\u00e4 milloin tahansa ilmoittamalla siit\u00e4 kirjallisesti yhdistyksen hallitukselle tai sen puheenjohtajalle tai ilmoittamalla erosta yhdistyksen kokouksen p\u00f6yt\u00e4kirjaan. Eroava j\u00e4sen on velvollinen suorittamaan j\u00e4senmaksunsa sen tilikauden loppuun asti, jona eroaminen on tapahtunut.<\/p>\n<p>\u00a0<\/p>\n<p><strong>8 \u00a7 EROTTAMINEN<\/strong><\/p>\n<p>Yhdistyksen hallitus voi erottaa j\u00e4senen, jos j\u00e4sen<\/p>\n<ul>\n<li>on j\u00e4tt\u00e4nyt suorittamatta j\u00e4senmaksunsa tai muutoin j\u00e4tt\u00e4nyt t\u00e4ytt\u00e4m\u00e4tt\u00e4 ne velvoitukset, joihin on yhdistykseen liittym\u00e4ll\u00e4 sitoutunut.<\/li>\n<li>on menettelyll\u00e4\u00e4n yhdistyksess\u00e4 tai sen ulkopuolella huomattavasti vahingoittanut yhdistyst\u00e4 tai<\/li>\n<li>ei en\u00e4\u00e4 t\u00e4yt\u00e4 laissa tai s\u00e4\u00e4nn\u00f6iss\u00e4 olevia j\u00e4senyyden ehtoja.<\/li>\n<\/ul>\n<p>\u00a0<\/p>\n<p>Erottamisp\u00e4\u00e4t\u00f6ksess\u00e4 on mainittava erottamisperuste.<\/p>\n<p>Jos j\u00e4sen aiotaan erottaa muusta syyst\u00e4 kuin j\u00e4senmaksun laiminly\u00f6misen vuoksi, j\u00e4senelle on varattava tilaisuus kirjallisesti tai kokouksessa suullisesti antaa selityksens\u00e4 asiassa.<\/p>\n<p>J\u00e4senell\u00e4 on oikeus saattaa erottamisp\u00e4\u00e4t\u00f6s yhdistyksen kokouksen tutkittavaksi. Kirjallinen valitus on j\u00e4tett\u00e4v\u00e4 hallitukselle kolmenkymmenen (30) vuorokauden kuluessa siit\u00e4, kun j\u00e4sen on saanut tietoonsa erottamisp\u00e4\u00e4t\u00f6ksen. Jos yhdistyksen kokous, kuultuaan hallitusta ja erotettua sek\u00e4 hankittuaan muut tarpeellisiksi katsomansa selvitykset, hyv\u00e4ksyy v\u00e4hint\u00e4\u00e4n kahden kolmasosan (2\/3) \u00e4\u00e4ntenenemmist\u00f6ll\u00e4 erottamisp\u00e4\u00e4t\u00f6ksen, se tulee voimaan heti. Muussa tapauksessa erottamisp\u00e4\u00e4t\u00f6s raukeaa. Jos j\u00e4sen on laiminly\u00f6nyt j\u00e4senmaksunsa yhden (1) vuoden ajan, katsotaan j\u00e4sen eronneeksi yhdistyksest\u00e4. P\u00e4\u00e4t\u00f6ksen tekee hallitus ja p\u00e4\u00e4t\u00f6ksess\u00e4 on mainittava peruste. J\u00e4sen voi saattaa eroamiseksi katsomista koskevan p\u00e4\u00e4t\u00f6ksen yhdistyksen kokouksen tutkittavaksi siten kuin edell\u00e4 j\u00e4senen erottamisesta on m\u00e4\u00e4r\u00e4tty.<\/p>\n<p>My\u00f6s hallitus voi oikaista virheelliseksi todetun erottamisp\u00e4\u00e4t\u00f6ksens\u00e4.<\/p>\n<p>\u00a0<\/p>\n<p><strong>9 \u00a7 YHDISTYKSEN TOIMIELIMET<\/strong><\/p>\n<p>Yhdistyksen p\u00e4\u00e4t\u00e4nt\u00e4valtaa k\u00e4ytt\u00e4\u00e4 yhdistyksen kokous, toimeenpanevana elimen\u00e4 toimii hallitus.<\/p>\n<p>Yhdistyksen hallitus voi perustaa eri toimintoja tai teht\u00e4vi\u00e4 varten jaostoja, ryhmi\u00e4 ja valiokuntia. N\u00e4m\u00e4 toimivat hallituksen valvonnassa ja vastuulla.<\/p>\n<p>\u00a0<\/p>\n<p><strong>10 \u00a7 YHDISTYKSEN KOKOUS<\/strong><\/p>\n<p>Yhdistyksen kokouksia ovat vuosikokous ja ylim\u00e4\u00e4r\u00e4inen kokous.<\/p>\n<p>\u00a0<\/p>\n<p>Kokouskieli<\/p>\n<p>Yhdistyksen kokouksen, sen p\u00f6yt\u00e4kirjan ja kokouskutsun kielen\u00e4 on suomi. J\u00e4senell\u00e4 on oikeus k\u00e4ytt\u00e4\u00e4 tulkkia. Tulkilla on teht\u00e4v\u00e4\u00e4ns\u00e4 liittyv\u00e4 l\u00e4sn\u00e4olo- ja puheoikeus yhdistyksen kokouksessa. Tulkilla on vaitiolovelvollisuus kokouksessa tietoonsa saamistaan asioista.<\/p>\n<p>Kokouskutsu<\/p>\n<p>Kutsu yhdistyksen kokoukseen on julkaistava v\u00e4hint\u00e4\u00e4n nelj\u00e4toista (14) p\u00e4iv\u00e4\u00e4 ennen kokousta j\u00e4senille jaettavassa lehdess\u00e4 tai yhdistyksen toimialueelle tai j\u00e4senist\u00f6lle levi\u00e4v\u00e4ss\u00e4 lehdess\u00e4 tai ilmoitettava siit\u00e4 kirjallisesti yhdistyksen j\u00e4senille tai ilmoitettava s\u00e4hk\u00f6isill\u00e4 medioilla kuten j\u00e4senen s\u00e4hk\u00f6posti ja yhdistyksen internetsivusto. Jos kokouksessa k\u00e4sitell\u00e4\u00e4n yhdistyslain 23 \u00a7:ss\u00e4 tarkoitettuja asioita, on ne kokouskutsussa mainittava.<\/p>\n<p>\u00c4\u00e4nivalta<\/p>\n<p>Yhdistyksen kokouksessa on kullakin l\u00e4sn\u00e4 olevalla varsinaisella j\u00e4senell\u00e4 yksi (1) \u00e4\u00e4ni.<\/p>\n<p>Valtakirjalla ei voi \u00e4\u00e4nest\u00e4\u00e4.<\/p>\n<p>J\u00e4senell\u00e4, joka ei ole suorittanut j\u00e4senmaksuaan ennen kokousta, ei ole \u00e4\u00e4nioikeutta kokouksessa.<\/p>\n<p>P\u00e4\u00e4t\u00f6ksenteko<\/p>\n<p>P\u00e4\u00e4t\u00f6kseksi tulee se mielipide, jota on kannattanut yli puolet annetuista \u00e4\u00e4nist\u00e4, mik\u00e4li n\u00e4iss\u00e4 s\u00e4\u00e4nn\u00f6iss\u00e4 ei toisin m\u00e4\u00e4r\u00e4t\u00e4. \u00c4\u00e4nten menness\u00e4 tasan ratkaisee kokouksen puheenjohtajan \u00e4\u00e4ni, paitsi vaaleissa arpa.<\/p>\n<p>Mahdollisista painostustoimenpiteist\u00e4 p\u00e4\u00e4tt\u00e4\u00e4 yhdistyksen kokous. Hallitus voi p\u00e4\u00e4tt\u00e4\u00e4 painostustoimenpiteit\u00e4 koskevan neuvoa-antavan j\u00e4sen\u00e4\u00e4nestyksen suorittamisesta ennen painostustoimenpiteit\u00e4 p\u00e4\u00e4tt\u00e4v\u00e4\u00e4 yhdistyksen kokousta.<\/p>\n<p>Painotustoimenpiteit\u00e4, yhdistyksen purkamista tai yhdistyn omaisuuden p\u00e4\u00e4osan luovuttamista koskevaa p\u00e4\u00e4t\u00f6st\u00e4, on v\u00e4hint\u00e4\u00e4n kolme nelj\u00e4sosaa (3\/4) annetuista \u00e4\u00e4nist\u00e4 kannatettava.<\/p>\n<p>L\u00e4sn\u00e4olo- ja puheoikeus<\/p>\n<p>Yhdistyksen kokouksessa on j\u00e4senten lis\u00e4ksi l\u00e4sn\u00e4olo- ja puheoikeus my\u00f6s niill\u00e4 hallituksen j\u00e4senill\u00e4 ja yhdistyksen toimihenkil\u00f6ill\u00e4, jotka eiv\u00e4t ole yhdistyksen j\u00e4seni\u00e4, ellei kokous toisin p\u00e4\u00e4t\u00e4. Yhdistyksen kokous voi my\u00f6nt\u00e4\u00e4 l\u00e4sn\u00e4olo- ja puheoikeuden sit\u00e4 pyyt\u00e4ville henkil\u00f6ille.<\/p>\n<p>Aloiteoikeus<\/p>\n<p>Oikeus aloitteen tekemiseen yhdistyksen kokoukselle on yhdistyksen varsinaisilla j\u00e4senill\u00e4, n\u00e4iden s\u00e4\u00e4nt\u00f6jen toisen (2) pyk\u00e4l\u00e4n tarkoittamilla, j\u00e4senist\u00f6n muodostamilla ryhmill\u00e4 ja yhdistyksill\u00e4.<\/p>\n<p>Aloite tehd\u00e4\u00e4n kirjallisena yhdistyksen hallitukselle v\u00e4hint\u00e4\u00e4n kaksikymment\u00e4kahdeksan (28) p\u00e4iv\u00e4\u00e4 ennen kokousta.<\/p>\n<p>Hallitus esitt\u00e4\u00e4 tehdyt aloitteet yhdistyksen kokouksen k\u00e4sitelt\u00e4v\u00e4ksi.<\/p>\n<p>Vuosikokous<\/p>\n<p>Vuosikokous pidet\u00e4\u00e4n helmi-huhtikuussa hallituksen tarkemmin m\u00e4\u00e4r\u00e4\u00e4m\u00e4n\u00e4 aikana ja paikassa.<\/p>\n<p>Vuosikokouksessa k\u00e4sitell\u00e4\u00e4n seuraavat asiat:<\/p>\n<ul>\n<li>valitaan kokouksen puheenjohtaja<\/li>\n<li>valitaan toimihenkil\u00f6t sek\u00e4 tarpeelliset toimikunnat<\/li>\n<li>esitet\u00e4\u00e4n hallituksen kertomus edelliselt\u00e4 toimikaudelta, tilinp\u00e4\u00e4t\u00f6s ja toiminnantarkastajien lausunto. Hallituksen kertomuksesta edelliselt\u00e4 toimikaudelta k\u00e4ytet\u00e4\u00e4n nimityst\u00e4 vuosikertomus.<\/li>\n<li>p\u00e4\u00e4tet\u00e4\u00e4n tilinp\u00e4\u00e4t\u00f6ksen vahvistamisesta sek\u00e4 vastuuvapauden my\u00f6nt\u00e4misest\u00e4 tilivelvollisille<\/li>\n<li>p\u00e4\u00e4tet\u00e4\u00e4n seuraavan vuoden j\u00e4sen- ja mahdollisista rahastoihin ker\u00e4tt\u00e4vist\u00e4 maksuista<\/li>\n<li>p\u00e4\u00e4tet\u00e4\u00e4n hallituksen sek\u00e4 sen apuelinten j\u00e4senten ja toiminnantarkastajien palkkioista ja matkakorvauksista<\/li>\n<li>hyv\u00e4ksyt\u00e4\u00e4n yhdistyksen toimintasuunnitelma sek\u00e4 tulo- ja menoarvio seuraavaa kalenterivuotta varten<\/li>\n<li>valitaan hallituksen puheenjohtaja ja hallituksen varapuheenjohtaja<\/li>\n<li>p\u00e4\u00e4tet\u00e4\u00e4n hallitukseen valittavien j\u00e4senten m\u00e4\u00e4r\u00e4<\/li>\n<li>valitaan hallituksen uudet j\u00e4senet erovuoroisten tilalle. Erovuorossa oleva j\u00e4sen voidaan valita my\u00f6s uudelleen<\/li>\n<li>valitaan kaksi toiminnantarkastajaa ja heid\u00e4n varahenkil\u00f6ns\u00e4<\/li>\n<li>p\u00e4\u00e4tet\u00e4\u00e4n muista kokoukselle s\u00e4\u00e4nt\u00f6jen m\u00e4\u00e4r\u00e4\u00e4m\u00e4ss\u00e4 j\u00e4rjestyksess\u00e4 esitetyist\u00e4 asioista<\/li>\n<li>valitaan tarvittaessa edustajat eri liittojen ja yhdistysten kokouksiin<\/li>\n<li>p\u00e4\u00e4tet\u00e4\u00e4n ylim\u00e4\u00e4r\u00e4isen yhdistyksen kokouksen ajankohta<\/li>\n<\/ul>\n<p>Yhdistyksen kokouksessa ty\u00f6j\u00e4rjestyksest\u00e4 p\u00e4\u00e4tet\u00e4\u00e4n hallituksen laatiman esityslistan pohjalta n\u00e4iden s\u00e4\u00e4nt\u00f6jen m\u00e4\u00e4r\u00e4ykset huomioiden.<\/p>\n<p>Yhdistyksen kokouksessa voidaan s\u00e4\u00e4nt\u00f6jen m\u00e4\u00e4r\u00e4\u00e4m\u00e4st\u00e4 j\u00e4rjestyksest\u00e4 poiketen ottaa asia k\u00e4sitelt\u00e4v\u00e4ksi vain siin\u00e4 tapauksessa, ett\u00e4 hallitus tai j\u00e4sen j\u00e4tt\u00e4\u00e4 siit\u00e4 perustellun esityksen kokouksen alussa ja ett\u00e4 erimielisyyden sattuessa v\u00e4hint\u00e4\u00e4n kolme nelj\u00e4sosaa (3\/4) annetuista \u00e4\u00e4nist\u00e4 sit\u00e4 kannattaa.<\/p>\n<p>Ylim\u00e4\u00e4r\u00e4inen kokous<\/p>\n<p>Hallitus kutsuu ylim\u00e4\u00e4r\u00e4isen kokouksen koolle niin halutessaan tai kun v\u00e4hint\u00e4\u00e4n yksi kymmenes osa yhdistyksen \u00e4\u00e4nioikeutetuista j\u00e4senist\u00e4 sit\u00e4 nimetyn asian k\u00e4sittely\u00e4 varten kirjallisesti pyyt\u00e4\u00e4.<\/p>\n<p>My\u00f6s yhdistyksen kokous voi p\u00e4\u00e4tt\u00e4\u00e4 ylim\u00e4\u00e4r\u00e4isen kokouksen pit\u00e4misest\u00e4.<\/p>\n<p>Ylim\u00e4\u00e4r\u00e4inen kokous on pidett\u00e4v\u00e4 enint\u00e4\u00e4n kahden kuukauden kuluttua pyynn\u00f6n tultua hallituksen tietoon.<\/p>\n<p>Kutsun osalta on noudatettava n\u00e4iden s\u00e4\u00e4nt\u00f6jen kokouskutsua koskevia m\u00e4\u00e4r\u00e4yksi\u00e4.<\/p>\n<p><strong>11 \u00a7 HALLITUS<\/strong><\/p>\n<p>Yhdistyksen asioiden hoitajana ja lakim\u00e4\u00e4r\u00e4isen\u00e4 edustajana toimii hallitus, johon kuuluu puheenjohtaja, varapuheenjohtaja ja v\u00e4hint\u00e4\u00e4n viisi (5) ja enint\u00e4\u00e4n seitsem\u00e4n (7) j\u00e4sent\u00e4.<\/p>\n<p>Hallitus valitsee yhdistyksen sihteerin ja taloudenhoitajan.<\/p>\n<p>Sihteeri ja taloudenhoitaja voidaan ottaa my\u00f6s hallituksen ulkopuolelta.<\/p>\n<p>Hallituksen toimikausi on yhdistyksen vuosikokouksien v\u00e4linen aika.<\/p>\n<p>Vuosikokous valitsee puheenjohtajan ja varapuheenjohtajan yhdeksi toimikaudeksi kerrallaan, hallituksen muut j\u00e4senet valitaan kahdeksi (2) toimikaudeksi kerrallaan.<\/p>\n<p>Erovuoroinen voidaan valita uudelleen.<\/p>\n<p>Jos puheenjohtajaksi tai varapuheenjohtajaksi valitulla on toimikautta muuna hallituksen j\u00e4senen\u00e4 j\u00e4ljell\u00e4, valitsee vuosikokous h\u00e4nen tilalleen uuden j\u00e4senen j\u00e4ljell\u00e4 olevaksi toimikaudeksi. Hallituksen j\u00e4senen on oltava yhdistyksen j\u00e4sen.<\/p>\n<p>Hallitus jatkaa toimessaan, kunnes uusi hallitus on valittu.<\/p>\n<p>Puheenjohtajan, varapuheenjohtajan tai hallituksen j\u00e4senen erotessa kesken toimikauden tai ollessa muuten estynyt hoitamasta tointaan, voidaan vuosi- tai ylim\u00e4\u00e4r\u00e4isess\u00e4 kokouksessa suorittaa t\u00e4ydennysvalinta.<\/p>\n<p>Hallitus kokoontuu puheenjohtajan tai h\u00e4nen estyneen\u00e4 ollessaan varapuheenjohtajan kutsusta tai jos kaksi (2) hallituksen j\u00e4sent\u00e4 sit\u00e4 vaatii.<\/p>\n<p>Hallituksen kokous on pidett\u00e4v\u00e4 viimeist\u00e4\u00e4n kahden (2) viikon kuluttua siit\u00e4, kun kokouksen koollekutsumista koskeva vaatimus on esitetty.<\/p>\n<p>Hallitus pit\u00e4\u00e4 j\u00e4rjest\u00e4ytymiskokouksen viimeist\u00e4\u00e4n valintaansa seuraavan kolmenkymmenen (30) p\u00e4iv\u00e4n sis\u00e4ll\u00e4.<\/p>\n<p>Hallitus on p\u00e4\u00e4t\u00f6svaltainen, kun puheenjohtaja tai varapuheenjohtaja ja v\u00e4hint\u00e4\u00e4n puolet muista j\u00e4senist\u00e4 osallistuu p\u00e4\u00e4t\u00f6ksentekoon. P\u00e4\u00e4t\u00f6kseksi tulee se mielipide, jota on kannattanut yli puolet annetuista \u00e4\u00e4nist\u00e4. \u00c4\u00e4nten menness\u00e4 tasan ratkaisee puheenjohtajan \u00e4\u00e4ni, paitsi vaaleissa arpa. Hallituksen kokouksessa on l\u00e4sn\u00e4olo- ja puheoikeus yhdistyksen toimihenkil\u00f6ill\u00e4, hallituksen ulkopuolelta valituilla sihteerin\u00e4 ja taloudenhoitajalla, ellei hallitus toisin p\u00e4\u00e4t\u00e4. Hallitus voi my\u00f6nt\u00e4\u00e4 l\u00e4sn\u00e4olo- ja puheoikeuden muillekin henkil\u00f6ille.<\/p>\n<p>Puheenjohtajan on annettava kokouskutsu suullisesti tai kirjallisesti hallituksen j\u00e4senille siten kuin hallitus j\u00e4rjest\u00e4ytymiskokouksessaan tai ohjes\u00e4\u00e4nn\u00f6ss\u00e4\u00e4n p\u00e4\u00e4tt\u00e4\u00e4.<\/p>\n<p>Hallituksen teht\u00e4v\u00e4n\u00e4 on<\/p>\n<ul>\n<li>toimeenpanna yhdistyskokousten p\u00e4\u00e4t\u00f6kset annettujen resurssien puitteissa.<\/li>\n<li>johtaa yhdistyksen toimintaa.<\/li>\n<li>kutsua koolle yhdistyksen kokoukset ja valmistella niille esitelt\u00e4v\u00e4t asiat.<\/li>\n<li>asettaa tarpeelliseksi katsomiaan jaostoja, ty\u00f6ryhmi\u00e4 ja valiokuntia sek\u00e4 vahvistaa niille toimintaohjeet.<\/li>\n<li>ottaa ja erottaa toimihenkil\u00f6t ja m\u00e4\u00e4r\u00e4t\u00e4 heille kuuluvat teht\u00e4v\u00e4t ja valvoa heid\u00e4n toimintaansa.<\/li>\n<li>hoitaa yhdistyksen taloutta ja varoja ja muuta omaisuutta sek\u00e4 huolehtia tilinp\u00e4\u00e4t\u00f6ksen tekemisest\u00e4 m\u00e4\u00e4r\u00e4aikana ja esitt\u00e4\u00e4 se toiminnantarkastajien tarkastettavaksi.<\/li>\n<li>p\u00e4\u00e4tt\u00e4\u00e4 yhdistyksen omaisuuden myymisest\u00e4, vaihtamisesta ja kiinnitt\u00e4misest\u00e4.<\/li>\n<li>huolehtia j\u00e4senhankinnasta ja hyv\u00e4ksy\u00e4 uudet j\u00e4senet.<\/li>\n<li>pit\u00e4\u00e4 j\u00e4senluetteloa ja valvoa j\u00e4senmaksujen maksamista.<\/li>\n<li>valvoa ja ohjata n\u00e4iden s\u00e4\u00e4nt\u00f6jen toisessa (2) pyk\u00e4l\u00e4ss\u00e4 tarkoitettujen j\u00e4senten muodostamien ryhmien ja yhdistysten toimintaa.<\/li>\n<li>suorittaa s\u00e4\u00e4nt\u00f6m\u00e4\u00e4r\u00e4iset ja muut tarpeelliseksi katsomansa toimenpiteet yhdistyksen tarkoituksen t\u00e4ytt\u00e4miseksi.<\/li>\n<\/ul>\n<p><strong>\u00a0<\/strong><\/p>\n<p><strong>12 \u00a7 YHDISTYKSEN NIMEN KIRJOITTAMINEN<\/strong><\/p>\n<p>Yhdistyksen nimen kirjoittavat puheenjohtaja, varapuheenjohtaja ja sihteeri, kaksi aina yhdess\u00e4 taikka hallituksen valitsemat toimihenkil\u00f6t kaksi yhdess\u00e4.<\/p>\n<p>\u00a0<\/p>\n<p><strong>13 \u00a7 TOIMINTA- JA TILIVUOSI<\/strong><\/p>\n<p>Yhdistyksen toiminta- ja tilivuosi on kalenterivuosi.<\/p>\n<p>Hallituksen on j\u00e4tett\u00e4v\u00e4 tilit ja muut taloudenhoitoa koskevat asiakirjat toiminnantarkastajille v\u00e4hint\u00e4\u00e4n kuukautta ennen vuosikokousta.<\/p>\n<p>Toiminnantarkastajien on annettava tarkastuskertomuksensa viimeist\u00e4\u00e4n kaksi viikkoa ennen vuosikokousta.<\/p>\n<p><strong>\u00a0<\/strong><\/p>\n<p><strong>14 \u00a7 S\u00c4\u00c4NT\u00d6JEN MUUTTAMINEN<\/strong><\/p>\n<p>Muutoksia n\u00e4ihin s\u00e4\u00e4nt\u00f6ihin voidaan tehd\u00e4 yhdistyksen kokouksissa, jos asia on mainittu kokouskutsussa ja muutosta puoltaa v\u00e4hint\u00e4\u00e4n 3\/4 kokouksen \u00e4\u00e4nim\u00e4\u00e4r\u00e4st\u00e4. P\u00e4\u00e4t\u00f6s s\u00e4\u00e4nt\u00f6jen muuttamisesta on teht\u00e4v\u00e4 kahdessa per\u00e4kk\u00e4isess\u00e4 kokouksessa, joiden v\u00e4li\u00e4 tulee olla v\u00e4hint\u00e4\u00e4n yksi kuukausi.<\/p>\n<p>Yhdistyksen vaalij\u00e4rjestyksen ja ohjes\u00e4\u00e4nn\u00f6t vahvistaa yhdistyksen kokous hallituksen esityksest\u00e4.<\/p>\n<p><strong>\u00a0<\/strong><\/p>\n<p><strong>15 \u00a7 YHDISTYKSEN PURKAMINEN<\/strong><\/p>\n<p>Esitys yhdistyksen purkamisesta on teht\u00e4v\u00e4 kolme (3) kuukautta ennen vuosikokousta. Yhdistyksen purkamisesta on p\u00e4\u00e4tett\u00e4v\u00e4 kahdessa per\u00e4kk\u00e4isess\u00e4 yhdistyksen kokouksessa, joista toisen on oltava vuosikokous. Kokousten v\u00e4lill\u00e4 on oltava v\u00e4hint\u00e4\u00e4n yksi kuukausi.<\/p>\n<p>P\u00e4\u00e4t\u00f6s purkamisesta tulee voimaan, jos kummassakin kokouksessa v\u00e4hint\u00e4\u00e4n kolme nelj\u00e4sosaa (3\/4) yhdistyksen kokouksessa \u00e4\u00e4nestyksess\u00e4 annetuista \u00e4\u00e4nist\u00e4 sit\u00e4 kannattaa.<\/p>\n<p>Yhdistyksen purkauduttua sen varat on luovutettava yhdistyksen tarkoitusta vastaavalle oikeuskelpoiselle yhteis\u00f6lle.<\/p>\n<p><strong>\u00a0<\/strong><\/p>\n<p><strong>16 \u00a7 MUITA M\u00c4\u00c4R\u00c4YKSI\u00c4<\/strong><\/p>\n<p>Noudatetaan yhdistyslain pakottavia m\u00e4\u00e4r\u00e4yksi\u00e4. Multa osin noudatetaan n\u00e4it\u00e4 s\u00e4\u00e4nt\u00f6j\u00e4 ja jos s\u00e4\u00e4nn\u00f6iss\u00e4 ei ole m\u00e4\u00e4r\u00e4yksi\u00e4 noudatetaan yhdistyslakia.<\/p>\n<p>\u00a0<\/p>\n<p>\u00a0<\/p>\n<\/div><div class=\"fusion-clearfix\"><\/div>\n\n\t\t\t\t\t<\/div>\n\t\t\t\t<\/div><\/div><\/div>\n","protected":false},"excerpt":{"rendered":"","protected":false},"author":1,"featured_media":0,"parent":11911,"menu_order":0,"comment_status":"closed","ping_status":"closed","template":"side-navigation.php","meta":{"footnotes":""},"class_list":["post-12034","page","type-page","status-publish","hentry"],"_links":{"self":[{"href":"https:\/\/www.vri.fi\/vriry\/wp-json\/wp\/v2\/pages\/12034","targetHints":{"allow":["GET"]}}],"collection":[{"href":"https:\/\/www.vri.fi\/vriry\/wp-json\/wp\/v2\/pages"}],"about":[{"href":"https:\/\/www.vri.fi\/vriry\/wp-json\/wp\/v2\/types\/page"}],"author":[{"embeddable":true,"href":"https:\/\/www.vri.fi\/vriry\/wp-json\/wp\/v2\/users\/1"}],"replies":[{"embeddable":true,"href":"https:\/\/www.vri.fi\/vriry\/wp-json\/wp\/v2\/comments?post=12034"}],"version-history":[{"count":1,"href":"https:\/\/www.vri.fi\/vriry\/wp-json\/wp\/v2\/pages\/12034\/revisions"}],"predecessor-version":[{"id":12727,"href":"https:\/\/www.vri.fi\/vriry\/wp-json\/wp\/v2\/pages\/12034\/revisions\/12727"}],"up":[{"embeddable":true,"href":"https:\/\/www.vri.fi\/vriry\/wp-json\/wp\/v2\/pages\/11911"}],"wp:attachment":[{"href":"https:\/\/www.vri.fi\/vriry\/wp-json\/wp\/v2\/media?parent=12034"}],"curies":[{"name":"wp","href":"https:\/\/api.w.org\/{rel}","templated":true}]}}