{"id":12035,"date":"2018-03-11T15:41:50","date_gmt":"2018-03-11T15:41:50","guid":{"rendered":"http:\/\/www.vri.fi\/vriry\/?page_id=12035"},"modified":"2025-05-03T18:09:47","modified_gmt":"2025-05-03T15:09:47","slug":"hallitus","status":"publish","type":"page","link":"https:\/\/www.vri.fi\/vriry\/vri-2\/hallitus\/","title":{"rendered":"Hallitus"},"content":{"rendered":"<div class=\"fusion-fullwidth fullwidth-box fusion-builder-row-1 hundred-percent-fullwidth non-hundred-percent-height-scrolling\"  style='background-color: #ffffff;background-position: center center;background-repeat: no-repeat;padding-top:0px;padding-right:0px;padding-bottom:0px;padding-left:0px;'><div class=\"fusion-builder-row fusion-row \"><div  class=\"fusion-layout-column fusion_builder_column fusion_builder_column_1_1 fusion-builder-column-1 fusion-one-full fusion-column-first fusion-column-last fusion-column-no-min-height 1_1\"  style='margin-top:0px;margin-bottom:0px;'>\n\t\t\t\t\t<div class=\"fusion-column-wrapper\" style=\"padding: 0px 0px 0px 0px;background-position:left top;background-repeat:no-repeat;-webkit-background-size:cover;-moz-background-size:cover;-o-background-size:cover;background-size:cover;\"   data-bg-url=\"\">\n\t\t\t\t\t\t<style type=\"text\/css\"><\/style><div class=\"fusion-title title fusion-title-1 fusion-title-text fusion-title-size-one\" style=\"margin-top:0px;margin-bottom:30px;\"><h1 class=\"title-heading-left\" style=\"margin:0;\">Hallitus<\/h1><div class=\"title-sep-container\"><div class=\"title-sep sep-double sep-solid\" style=\"border-color:#e0dede;\"><\/div><\/div><\/div><div class=\"fusion-text\"><p><strong><span style=\"vertical-align: inherit;\"><span style=\"vertical-align: inherit;\">Raideliikenteen Insin\u00f6\u00f6rit ja Ylemm\u00e4t Toimihenkil\u00f6t VRI ry:n hallitus<\/span><\/span><\/strong><\/p>\n<p><!-- <strong>Hallituksen s\u00e4hk\u00f6postiosoite: <a href=\"mailto:hallitus@vri.fi\">hallitus@vri.fi<\/a><\/strong> --><\/p>\n<p><span style=\"color: #00a0d2;\"><strong><span style=\"vertical-align: inherit;\"><span style=\"vertical-align: inherit;\">Puheenjohtaja<\/span><\/span><\/strong><\/span><br \/><strong><span style=\"vertical-align: inherit;\"><span style=\"vertical-align: inherit;\">Irja Koskela<\/span><\/span><\/strong><br \/><span style=\"vertical-align: inherit;\"><span style=\"vertical-align: inherit;\">040 8621560<\/span><\/span><br \/><a href=\"mailto:koskela.irja@gmail.com\"><span style=\"vertical-align: inherit;\"><span style=\"vertical-align: inherit;\">koskelairja@gmail.com<\/span><\/span><\/a><\/p>\n<p><span style=\"color: #00a0d2;\"><strong><span style=\"vertical-align: inherit;\"><span style=\"vertical-align: inherit;\">Varapuheenjohtaja<\/span><\/span><\/strong><\/span><br \/><span style=\"vertical-align: inherit;\"><strong>Olavi Kiviniemi<br \/>040 061 6942<br \/><a href=\"mailto:koskela.irja@gmail.com\">olav.stone@gmail.com<\/a><\/strong><\/span><strong><span style=\"vertical-align: inherit;\"><br \/><\/span><\/strong><\/p>\n<p><span style=\"color: #00a0d2;\"><strong><span style=\"vertical-align: inherit;\"><span style=\"vertical-align: inherit;\">Sihteeri<\/span><\/span><\/strong><\/span><br \/><strong><span style=\"vertical-align: inherit;\"><span style=\"vertical-align: inherit;\">Marko Nuora<\/span><\/span><\/strong><br \/><span style=\"vertical-align: inherit;\"><span style=\"vertical-align: inherit;\"> 040 866 3797<\/span><\/span><br \/><a href=\"mailto:marko.nuora@vr.fi\"><span style=\"vertical-align: inherit;\"><span style=\"vertical-align: inherit;\">marko.nuora@vr.fi<\/span><\/span><\/a><\/p>\n<p><strong><span style=\"vertical-align: inherit;\"><span style=\"vertical-align: inherit;\">Teijo Virtanen<\/span><\/span><\/strong><br \/><span style=\"vertical-align: inherit;\"><span style=\"vertical-align: inherit;\"> 040 061 6942 <\/span><\/span><br \/><a href=\"mailto:teijo.virtanen.ay@gmail.com\"><span style=\"vertical-align: inherit;\"><span style=\"vertical-align: inherit;\">teijo.virtanen.ay@gmail.com<\/span><\/span><\/a><\/p>\n<p><strong><span style=\"vertical-align: inherit;\"><span style=\"vertical-align: inherit;\">Erkki Ryyn\u00e4nena<\/span><\/span><\/strong><br \/><span style=\"vertical-align: inherit;\"><span style=\"vertical-align: inherit;\"> 040 078 88646<\/span><\/span><br \/><a href=\"mailto:olav.stone@gmail.com\"><span style=\"vertical-align: inherit;\"><span style=\"vertical-align: inherit;\">ryynaer@gmail.com<\/span><\/span><\/a><\/p>\n<p><strong><span style=\"vertical-align: inherit;\">Janne Ollenberg<\/span><\/strong><br \/><span style=\"vertical-align: inherit;\"> 040 0674 5001<\/span><br \/><a href=\"mailto:janne.ollenberg@gmail.com\"><span style=\"vertical-align: inherit;\">janne.ollenberg@gmail.com<\/span><\/a><\/p>\n<p><strong><span style=\"vertical-align: inherit;\">Pirjo Huvila<\/span><\/strong><br \/><span style=\"vertical-align: inherit;\"> 040 862 0436<\/span><br \/><a href=\"mailto:pirjo.huvila@gmail.com\"><span style=\"vertical-align: inherit;\">p.huvila@gmail.com<\/span><\/a><\/p>\n<p><span style=\"color: #00a0d2;\"><strong><span style=\"vertical-align: inherit;\"><span style=\"vertical-align: inherit;\">Levin m\u00f6kin is\u00e4nt\u00e4<\/span><\/span><\/strong><\/span><br \/><strong><span style=\"vertical-align: inherit;\"><span style=\"vertical-align: inherit;\"> Erkki Ryyn\u00e4nen<\/span><\/span><\/strong><\/p>\n<p><span style=\"color: #00a0d2;\"><strong><span style=\"vertical-align: inherit;\"><span style=\"vertical-align: inherit;\">P\u00e4rnun asunnon is\u00e4nt\u00e4<\/span><\/span><\/strong><\/span><br \/><strong><span style=\"vertical-align: inherit;\"><span style=\"vertical-align: inherit;\"> Olavi Kiviniemi<\/span><\/span><\/strong><\/p>\n<hr \/>\n<\/div><div class=\"fusion-sep-clear\"><\/div><div class=\"fusion-separator fusion-full-width-sep sep-double\" style=\"border-color:#03a9f4;border-top-width:1px;border-bottom-width:1px;margin-left: auto;margin-right: auto;margin-top:25px;\"><\/div><div class=\"fusion-clearfix\"><\/div>\n\n\t\t\t\t\t<\/div>\n\t\t\t\t<\/div><\/div><\/div>\n","protected":false},"excerpt":{"rendered":"","protected":false},"author":1,"featured_media":0,"parent":11911,"menu_order":0,"comment_status":"closed","ping_status":"open","template":"side-navigation.php","meta":{"footnotes":""},"class_list":["post-12035","page","type-page","status-publish","hentry"],"_links":{"self":[{"href":"https:\/\/www.vri.fi\/vriry\/wp-json\/wp\/v2\/pages\/12035","targetHints":{"allow":["GET"]}}],"collection":[{"href":"https:\/\/www.vri.fi\/vriry\/wp-json\/wp\/v2\/pages"}],"about":[{"href":"https:\/\/www.vri.fi\/vriry\/wp-json\/wp\/v2\/types\/page"}],"author":[{"embeddable":true,"href":"https:\/\/www.vri.fi\/vriry\/wp-json\/wp\/v2\/users\/1"}],"replies":[{"embeddable":true,"href":"https:\/\/www.vri.fi\/vriry\/wp-json\/wp\/v2\/comments?post=12035"}],"version-history":[{"count":15,"href":"https:\/\/www.vri.fi\/vriry\/wp-json\/wp\/v2\/pages\/12035\/revisions"}],"predecessor-version":[{"id":12736,"href":"https:\/\/www.vri.fi\/vriry\/wp-json\/wp\/v2\/pages\/12035\/revisions\/12736"}],"up":[{"embeddable":true,"href":"https:\/\/www.vri.fi\/vriry\/wp-json\/wp\/v2\/pages\/11911"}],"wp:attachment":[{"href":"https:\/\/www.vri.fi\/vriry\/wp-json\/wp\/v2\/media?parent=12035"}],"curies":[{"name":"wp","href":"https:\/\/api.w.org\/{rel}","templated":true}]}}