{"id":12063,"date":"2018-03-11T16:21:43","date_gmt":"2018-03-11T16:21:43","guid":{"rendered":"http:\/\/www.vri.fi\/vriry\/?page_id=12063"},"modified":"2026-03-15T20:12:44","modified_gmt":"2026-03-15T17:12:44","slug":"mokki_levilla","status":"publish","type":"page","link":"https:\/\/www.vri.fi\/vriry\/jasenelle\/mokki_levilla\/","title":{"rendered":"M&ouml;kki Levill&auml;"},"content":{"rendered":"<p><div class=\"fusion-fullwidth fullwidth-box fusion-builder-row-1 nonhundred-percent-fullwidth non-hundred-percent-height-scrolling\"  style='background-color: #ffffff;background-position: center center;background-repeat: no-repeat;padding-top:0px;padding-right:0px;padding-bottom:0px;padding-left:0px;'><div class=\"fusion-builder-row fusion-row \"><div  class=\"fusion-layout-column fusion_builder_column fusion_builder_column_1_1 fusion-builder-column-1 fusion-one-full fusion-column-first fusion-column-last 1_1\"  style='margin-top:0px;margin-bottom:0px;'>\n\t\t\t\t\t<div class=\"fusion-column-wrapper\" style=\"padding: 0px 0px 0px 0px;background-position:left top;background-repeat:no-repeat;-webkit-background-size:cover;-moz-background-size:cover;-o-background-size:cover;background-size:cover;\"   data-bg-url=\"\">\n\t\t\t\t\t\t<div class=\"fusion-text\"><p><span style=\"vertical-align: inherit;\"><span style=\"vertical-align: inherit;\">Raideliikenteen insin\u00f6\u00f6rit ja ylemm\u00e4t toimihenkil\u00f6t VRI ry:ll\u00e4 on Levin Isorakassa lomaosake Salmelankartanossa, jota vuokrataan liikenteen p\u00e4\u00e4sti j\u00e4senist\u00f6lle.<\/span><\/span><\/p>\n<\/div><style type=\"text\/css\"><\/style><div class=\"fusion-title title fusion-title-1 fusion-title-text fusion-title-size-two\" style=\"margin-top:0px;margin-bottom:30px;\"><h2 class=\"title-heading-left\" style=\"margin:0;\">Tietoja<\/h2><div class=\"title-sep-container\"><div class=\"title-sep sep-double sep-solid\" style=\"border-color:#e0dede;\"><\/div><\/div><\/div><div class=\"fusion-clearfix\"><\/div>\n\n\t\t\t\t\t<\/div>\n\t\t\t\t<\/div><div  class=\"fusion-layout-column fusion_builder_column fusion_builder_column_1_2 fusion-builder-column-2 fusion-one-half fusion-column-first 1_2\"  style='margin-top:0px;margin-bottom:20px;width:50%;width:calc(50% - ( ( 4% ) * 0.5 ) );margin-right: 4%;'>\n\t\t\t\t\t<div class=\"fusion-column-wrapper\" style=\"padding: 0px 0px 0px 0px;background-position:left top;background-repeat:no-repeat;-webkit-background-size:cover;-moz-background-size:cover;-o-background-size:cover;background-size:cover;\"   data-bg-url=\"\">\n\t\t\t\t\t\t<ul class=\"fusion-checklist fusion-checklist-1\" style=\"font-size:13px;line-height:22.1px;\"><li class=\"fusion-li-item\"><span style=\"background-color:#a0ce4e;font-size:11.44px;height:22.1px;width:22.1px;margin-right:9.1px;\" class=\"icon-wrapper circle-yes\"><i class=\"fusion-li-icon fa fa-home\" style=\"color:#ffffff;\"><\/i><\/span><div class=\"fusion-li-item-content\" style=\"margin-left:31.2px;\">\n<p>4-6 hl\u00f6<\/p>\n<\/div><\/li><li class=\"fusion-li-item\"><span style=\"background-color:#a0ce4e;font-size:11.44px;height:22.1px;width:22.1px;margin-right:9.1px;\" class=\"icon-wrapper circle-yes\"><i class=\"fusion-li-icon fa fa-cutlery\" style=\"color:#ffffff;\"><\/i><\/span><div class=\"fusion-li-item-content\" style=\"margin-left:31.2px;\">\n<p>Koneistettu tupakeitti\u00f6<\/p>\n<\/div><\/li><li class=\"fusion-li-item\"><span style=\"background-color:#a0ce4e;font-size:11.44px;height:22.1px;width:22.1px;margin-right:9.1px;\" class=\"icon-wrapper circle-yes\"><i class=\"fusion-li-icon fa fa-bed\" style=\"color:#ffffff;\"><\/i><\/span><div class=\"fusion-li-item-content\" style=\"margin-left:31.2px;\">\n<p>Parvi<\/p>\n<\/div><\/li><li class=\"fusion-li-item\"><span style=\"background-color:#a0ce4e;font-size:11.44px;height:22.1px;width:22.1px;margin-right:9.1px;\" class=\"icon-wrapper circle-yes\"><i class=\"fusion-li-icon fa fa-shower\" style=\"color:#ffffff;\"><\/i><\/span><div class=\"fusion-li-item-content\" style=\"margin-left:31.2px;\">\n<p>Sauna ja pesuhuone<\/p>\n<\/div><\/li><li class=\"fusion-li-item\"><span style=\"background-color:#a0ce4e;font-size:11.44px;height:22.1px;width:22.1px;margin-right:9.1px;\" class=\"icon-wrapper circle-yes\"><i class=\"fusion-li-icon fa fa-check\" style=\"color:#ffffff;\"><\/i><\/span><div class=\"fusion-li-item-content\" style=\"margin-left:31.2px;\">\n<p>Lemmikit<strong> EI<\/strong> sallittuja\u00a0<\/p>\n<\/div><\/li><li class=\"fusion-li-item\"><span style=\"background-color:#a0ce4e;font-size:11.44px;height:22.1px;width:22.1px;margin-right:9.1px;\" class=\"icon-wrapper circle-yes\"><i class=\"fusion-li-icon fa fa-ban\" style=\"color:#ffffff;\"><\/i><\/span><div class=\"fusion-li-item-content\" style=\"margin-left:31.2px;\">\n<p>Tupakointi kielletty<\/p>\n<\/div><\/li><\/ul><div class=\"fusion-clearfix\"><\/div>\n\n\t\t\t\t\t<\/div>\n\t\t\t\t<\/div><div  class=\"fusion-layout-column fusion_builder_column fusion_builder_column_1_2 fusion-builder-column-3 fusion-one-half fusion-column-last 1_2\"  style='margin-top:0px;margin-bottom:20px;width:50%;width:calc(50% - ( ( 4% ) * 0.5 ) );'>\n\t\t\t\t\t<div class=\"fusion-column-wrapper\" style=\"padding: 0px 0px 0px 0px;background-position:left top;background-repeat:no-repeat;-webkit-background-size:cover;-moz-background-size:cover;-o-background-size:cover;background-size:cover;\"   data-bg-url=\"\">\n\t\t\t\t\t\t<ul class=\"fusion-checklist fusion-checklist-2\" style=\"font-size:13px;line-height:22.1px;\"><li class=\"fusion-li-item\"><span style=\"background-color:#a0ce4e;font-size:11.44px;height:22.1px;width:22.1px;margin-right:9.1px;\" class=\"icon-wrapper circle-yes\"><i class=\"fusion-li-icon fa fa-fire\" style=\"color:#ffffff;\"><\/i><\/span><div class=\"fusion-li-item-content\" style=\"margin-left:31.2px;\">\n<p>Takka<\/p>\n<\/div><\/li><li class=\"fusion-li-item\"><span style=\"background-color:#a0ce4e;font-size:11.44px;height:22.1px;width:22.1px;margin-right:9.1px;\" class=\"icon-wrapper circle-yes\"><i class=\"fusion-li-icon fa fa-check\" style=\"color:#ffffff;\"><\/i><\/span><div class=\"fusion-li-item-content\" style=\"margin-left:31.2px;\">\n<p>Pesukone<\/p>\n<\/div><\/li><li class=\"fusion-li-item\"><span style=\"background-color:#a0ce4e;font-size:11.44px;height:22.1px;width:22.1px;margin-right:9.1px;\" class=\"icon-wrapper circle-yes\"><i class=\"fusion-li-icon fa fa-check\" style=\"color:#ffffff;\"><\/i><\/span><div class=\"fusion-li-item-content\" style=\"margin-left:31.2px;\">\n<p>Kuivauskaappi<\/p>\n<\/div><\/li><li class=\"fusion-li-item\"><span style=\"background-color:#a0ce4e;font-size:11.44px;height:22.1px;width:22.1px;margin-right:9.1px;\" class=\"icon-wrapper circle-yes\"><i class=\"fusion-li-icon fa fa-bicycle\" style=\"color:#ffffff;\"><\/i><\/span><div class=\"fusion-li-item-content\" style=\"margin-left:31.2px;\">\n<p>Urheiluv\u00e4linevarasto<\/p>\n<\/div><\/li><li class=\"fusion-li-item\"><span style=\"background-color:#a0ce4e;font-size:11.44px;height:22.1px;width:22.1px;margin-right:9.1px;\" class=\"icon-wrapper circle-yes\"><i class=\"fusion-li-icon fa fa-check\" style=\"color:#ffffff;\"><\/i><\/span><div class=\"fusion-li-item-content\" style=\"margin-left:31.2px;\">\n<p>Potkukelkka ja pulkat<\/p>\n<\/div><\/li><li class=\"fusion-li-item\"><span style=\"background-color:#a0ce4e;font-size:11.44px;height:22.1px;width:22.1px;margin-right:9.1px;\" class=\"icon-wrapper circle-yes\"><i class=\"fusion-li-icon fa-bicycle fas\" style=\"color:#ffffff;\"><\/i><\/span><div class=\"fusion-li-item-content\" style=\"margin-left:31.2px;\">\n<p>3 aikuisten polkupy\u00f6r\u00e4\u00e4<\/p>\n<\/div><\/li><li class=\"fusion-li-item\"><span style=\"background-color:#a0ce4e;font-size:11.44px;height:22.1px;width:22.1px;margin-right:9.1px;\" class=\"icon-wrapper circle-yes\"><i class=\"fusion-li-icon fa fa-map-o\" style=\"color:#ffffff;\"><\/i><\/span><div class=\"fusion-li-item-content\" style=\"margin-left:31.2px;\">\n<p>Liinavaatteet tuotava itse<\/p>\n<\/div><\/li><\/ul><div class=\"fusion-clearfix\"><\/div>\n\n\t\t\t\t\t<\/div>\n\t\t\t\t<\/div><div  class=\"fusion-layout-column fusion_builder_column fusion_builder_column_1_1 fusion-builder-column-4 fusion-one-full fusion-column-first fusion-column-last 1_1\"  style='margin-top:0px;margin-bottom:20px;'>\n\t\t\t\t\t<div class=\"fusion-column-wrapper\" style=\"padding: 0px 0px 0px 0px;background-position:left top;background-repeat:no-repeat;-webkit-background-size:cover;-moz-background-size:cover;-o-background-size:cover;background-size:cover;\"   data-bg-url=\"\">\n\t\t\t\t\t\t<div class=\"fusion-text\"><p class=\"western\"><span style=\"color: #333333;\"><span style=\"font-family: Arial, sans-serif;\"><span style=\"font-size: small;\">Levi on monipuolisten harrastusten paikka l\u00e4pi vuoden. Levin rinteet sijaitsevat eri puolilla tunturia. Lautailijoille on kaksi half pipea. Levill\u00e4 on yli 20 ravintolaa, kylpyl\u00e4, kauneushoitola, kaksi v\u00e4hitt\u00e4iskauppaa, matkamuistomyym\u00e4l\u00f6it\u00e4, kappeli.<\/span><\/span><\/span><\/p>\n<p class=\"western\"><span style=\"color: #333333;\"><span style=\"font-family: Arial, sans-serif;\"><span style=\"font-size: small;\">Lapsille rinteist\u00e4 l\u00f6ytyy my\u00f6s pulkkam\u00e4ki ja lastenhissit. Levin monipuolisessa viikko-ohjelmassa on lapsille ja lapsenmielisille paljon mukavaa tekemist\u00e4. Levihotellilla on lapsille oma toimintakeidas. Hiihtolatuja on kunnostettuina noin 230 km, joista valaistuja latuja 25 km. <\/span><\/span><\/span><\/p>\n<p class=\"western\"><span style=\"color: #333333;\"><span style=\"font-family: Arial, sans-serif;\"><span style=\"font-size: small;\">Levin upea golf-kentt\u00e4 sijaitsee mahtavan Levitunturin ja kauniina kimaltelevan Ounasjoen v\u00e4liss\u00e4, joka on suomen pohjoisin 18 reik\u00e4inen kentt\u00e4.<\/span><\/span><\/span><\/p>\n<p class=\"western\"><span style=\"color: #333333;\"><span style=\"font-family: Arial, sans-serif;\"><span style=\"font-size: small;\">Kes\u00e4ll\u00e4 Levill\u00e4 on paljon toimintaa. Sielt\u00e4 l\u00f6ytyv\u00e4t hyv\u00e4t kala-apajat ja mittava maastopy\u00f6r\u00e4ilyyn ja sauvak\u00e4velyyn, patikointiin ym. rakennettu reittiverkosto. Lis\u00e4ksi alueella voi harrastaa ratsastusta. Golf-kent\u00e4n lis\u00e4ksi l\u00f6yd\u00e4t Levilt\u00e4 my\u00f6s 18-v\u00e4yl\u00e4isen frisbeegolf-radan ja 18-v\u00e4yl\u00e4isen minigolfradan<\/span><\/span><\/span><\/p>\n<p class=\"western\"><span style=\"color: #333333;\"><span style=\"font-family: Arial, sans-serif;\"><span style=\"font-size: small;\">Virkistyskylpyl\u00e4n palvelut l\u00f6ytyv\u00e4t Levihotellista. Siell\u00e4 viihtyv\u00e4t sek\u00e4 isot ett\u00e4 pienet. Kuntokeskuksessa voit harrastaa aerobicia ym. liikuntaa, k\u00e4yt\u00f6ss\u00e4si on my\u00f6s kuntosali. Hoito-osastolla tarjolla yrttikylpyj\u00e4, hierontaa, h\u00f6yrysauna, kosmetologipalvelut, kampaamo.<\/span><\/span><\/span><\/p>\n<\/div><div class=\"fusion-clearfix\"><\/div>\n\n\t\t\t\t\t<\/div>\n\t\t\t\t<\/div><\/div><\/div><div class=\"fusion-fullwidth fullwidth-box fusion-builder-row-2 nonhundred-percent-fullwidth non-hundred-percent-height-scrolling\"  style='background-color: #ffffff;background-position: center center;background-repeat: no-repeat;padding-top:0px;padding-right:0px;padding-bottom:0px;padding-left:0px;'><div class=\"fusion-builder-row fusion-row \"><div  class=\"fusion-layout-column fusion_builder_column fusion_builder_column_1_1 fusion-builder-column-5 fusion-one-full fusion-column-first fusion-column-last 1_1\"  style='margin-top:0px;margin-bottom:20px;'>\n\t\t\t\t\t<div class=\"fusion-column-wrapper\" style=\"padding: 0px 0px 0px 0px;background-position:left top;background-repeat:no-repeat;-webkit-background-size:cover;-moz-background-size:cover;-o-background-size:cover;background-size:cover;\"   data-bg-url=\"\">\n\t\t\t\t\t\t<style type=\"text\/css\">.fusion-gallery-1 .fusion-gallery-image {border:0px solid #f6f6f6;}<\/style><div class=\"fusion-gallery fusion-gallery-container fusion-grid-3 fusion-columns-total-0 fusion-gallery-layout-grid fusion-gallery-1\" style=\"margin:-5px;\"><div style=\"padding:5px;\" class=\"fusion-grid-column fusion-gallery-column fusion-gallery-column-3 hover-type-none\"><div class=\"fusion-gallery-image\"><a href=\"https:\/\/www.vri.fi\/vriry\/wp-content\/uploads\/2018\/09\/Terassi_1024.jpg\" rel=\"noreferrer\" data-rel=\"iLightbox[gallery_image_1]\" class=\"fusion-lightbox\" target=\"_self\"><img loading=\"lazy\" decoding=\"async\" src=\"https:\/\/www.vri.fi\/vriry\/wp-content\/uploads\/2018\/09\/Terassi_1024-400x225.jpg\" width=\"1024\" height=\"575\" alt=\"\" title=\"Terassi_1024\" aria-label=\"Terassi_1024\" class=\"img-responsive wp-image-12342\" srcset=\"https:\/\/www.vri.fi\/vriry\/wp-content\/uploads\/2018\/09\/Terassi_1024-200x112.jpg 200w, https:\/\/www.vri.fi\/vriry\/wp-content\/uploads\/2018\/09\/Terassi_1024-400x225.jpg 400w, https:\/\/www.vri.fi\/vriry\/wp-content\/uploads\/2018\/09\/Terassi_1024-600x337.jpg 600w, https:\/\/www.vri.fi\/vriry\/wp-content\/uploads\/2018\/09\/Terassi_1024-800x449.jpg 800w, https:\/\/www.vri.fi\/vriry\/wp-content\/uploads\/2018\/09\/Terassi_1024.jpg 1024w\" sizes=\"auto, (min-width: 2200px) 100vw, (min-width: 824px) 363px, (min-width: 732px) 545px, (min-width: 640px) 732px, \" \/><\/a><\/div><\/div><div style=\"padding:5px;\" class=\"fusion-grid-column fusion-gallery-column fusion-gallery-column-3 hover-type-none\"><div class=\"fusion-gallery-image\"><a href=\"https:\/\/www.vri.fi\/vriry\/wp-content\/uploads\/2018\/09\/Olotila_1024.jpg\" rel=\"noreferrer\" data-rel=\"iLightbox[gallery_image_1]\" class=\"fusion-lightbox\" target=\"_self\"><img loading=\"lazy\" decoding=\"async\" src=\"https:\/\/www.vri.fi\/vriry\/wp-content\/uploads\/2018\/09\/Olotila_1024-400x225.jpg\" width=\"1024\" height=\"575\" alt=\"\" title=\"Olotila_1024\" aria-label=\"Olotila_1024\" class=\"img-responsive wp-image-12341\" srcset=\"https:\/\/www.vri.fi\/vriry\/wp-content\/uploads\/2018\/09\/Olotila_1024-200x112.jpg 200w, https:\/\/www.vri.fi\/vriry\/wp-content\/uploads\/2018\/09\/Olotila_1024-400x225.jpg 400w, https:\/\/www.vri.fi\/vriry\/wp-content\/uploads\/2018\/09\/Olotila_1024-600x337.jpg 600w, https:\/\/www.vri.fi\/vriry\/wp-content\/uploads\/2018\/09\/Olotila_1024-800x449.jpg 800w, https:\/\/www.vri.fi\/vriry\/wp-content\/uploads\/2018\/09\/Olotila_1024.jpg 1024w\" sizes=\"auto, (min-width: 2200px) 100vw, (min-width: 824px) 363px, (min-width: 732px) 545px, (min-width: 640px) 732px, \" \/><\/a><\/div><\/div><div style=\"padding:5px;\" class=\"fusion-grid-column fusion-gallery-column fusion-gallery-column-3 hover-type-none\"><div class=\"fusion-gallery-image\"><a href=\"https:\/\/www.vri.fi\/vriry\/wp-content\/uploads\/2026\/03\/IMG_20250130_091542-scaled.jpg\" rel=\"noreferrer\" data-rel=\"iLightbox[gallery_image_1]\" class=\"fusion-lightbox\" target=\"_self\"><img loading=\"lazy\" decoding=\"async\" src=\"https:\/\/www.vri.fi\/vriry\/wp-content\/uploads\/2026\/03\/IMG_20250130_091542-scaled.jpg\" width=\"2560\" height=\"1920\" alt=\"\" title=\"IMG_20250130_091542\" aria-label=\"IMG_20250130_091542\" class=\"img-responsive wp-image-12784\" srcset=\"https:\/\/www.vri.fi\/vriry\/wp-content\/uploads\/2026\/03\/IMG_20250130_091542-200x150.jpg 200w, https:\/\/www.vri.fi\/vriry\/wp-content\/uploads\/2026\/03\/IMG_20250130_091542-400x300.jpg 400w, https:\/\/www.vri.fi\/vriry\/wp-content\/uploads\/2026\/03\/IMG_20250130_091542-600x450.jpg 600w, https:\/\/www.vri.fi\/vriry\/wp-content\/uploads\/2026\/03\/IMG_20250130_091542-800x600.jpg 800w, https:\/\/www.vri.fi\/vriry\/wp-content\/uploads\/2026\/03\/IMG_20250130_091542-1200x900.jpg 1200w, https:\/\/www.vri.fi\/vriry\/wp-content\/uploads\/2026\/03\/IMG_20250130_091542-scaled.jpg 2560w\" sizes=\"auto, (min-width: 2200px) 100vw, (min-width: 824px) 363px, (min-width: 732px) 545px, (min-width: 640px) 732px, \" \/><\/a><\/div><\/div><div class=\"clearfix\"><\/div><\/div><style type=\"text\/css\"><\/style><div class=\"fusion-title title fusion-title-2 fusion-title-text fusion-title-size-two\" style=\"margin-top:30px;margin-bottom:30px;\"><h2 class=\"title-heading-left\" style=\"margin:0;\"><\/h2><div class=\"title-sep-container\"><div class=\"title-sep sep-double sep-solid\" style=\"border-color:#e0dede;\"><\/div><\/div><\/div><div class=\"fusion-text\"><\/div><style type=\"text\/css\"><\/style><div class=\"fusion-title title fusion-title-3 fusion-title-text fusion-title-size-two\" style=\"margin-top:30px;margin-bottom:30px;\"><h2 class=\"title-heading-left\" style=\"margin:0;\"><\/h2><div class=\"title-sep-container\"><div class=\"title-sep sep-double sep-solid\" style=\"border-color:#e0dede;\"><\/div><\/div><\/div><style type=\"text\/css\"><\/style><div class=\"fusion-title title fusion-title-4 fusion-sep-none fusion-title-text fusion-title-size-four\" style=\"margin-top:0px;margin-bottom:30px;\"><h4 class=\"title-heading-left\" style=\"margin:0;\"><h1><strong><span style=\"vertical-align: inherit;\"><span style=\"vertical-align: inherit;\"><span style=\"vertical-align: inherit;\"><span style=\"vertical-align: inherit;\"><span style=\"vertical-align: inherit;\"><span style=\"vertical-align: inherit;\">VARAUKSET:<\/span><\/span><\/span><\/span><\/span><\/span><\/strong><\/h1>\n<h2><strong><span style=\"vertical-align: inherit;\"><span style=\"vertical-align: inherit;\"><span style=\"vertical-align: inherit;\"><span style=\"vertical-align: inherit;\"><span style=\"vertical-align: inherit;\"><span style=\"vertical-align: inherit;\">Varattavissa olevat viikot:<\/span><\/span><\/span><\/span><\/span><\/span><\/strong><\/h2>\n<table style=\"height: 112px;\" width=\"290\">\n<tbody>\n<tr>\n<td width=\"83\">\u00a0<\/td>\n<td width=\"64\">\u00a0<\/td>\n<td width=\"64\">\u00a0<\/td>\n<td width=\"64\">\u00a0<\/td>\n<td width=\"64\">\u00a0<\/td>\n<td width=\"64\">\u00a0<\/td>\n<\/tr>\n<tr>\n<td>\u00a0<\/td>\n<td>\u00a0<\/td>\n<td>\u00a0<\/td>\n<td>\u00a0<\/td>\n<td>\u00a0<\/td>\n<td>\u00a0<\/td>\n<\/tr>\n<tr>\n<td>\u00a0<\/td>\n<td>\u00a0<\/td>\n<td>\u00a0<\/td>\n<td>\u00a0<\/td>\n<td>\u00a0<\/td>\n<td>\u00a0<\/td>\n<\/tr>\n<tr>\n<td>Huhtikuu<\/td>\n<td>\u00a0<\/td>\n<td>xx<\/td>\n<td>16<\/td>\n<td>17<\/td>\n<td>xx<\/td>\n<\/tr>\n<tr>\n<td>\u00a0<\/td>\n<td>\u00a0<\/td>\n<td>\u00a0<\/td>\n<td>\u00a0<\/td>\n<td>\u00a0<\/td>\n<td>\u00a0<\/td>\n<\/tr>\n<tr>\n<td>Toukokuu<\/td>\n<td>\u00a0<\/td>\n<td>19<\/td>\n<td>20<\/td>\n<td>21<\/td>\n<td>xx<\/td>\n<\/tr>\n<\/tbody>\n<\/table>\n<h3><span style=\"vertical-align: inherit;\"><span style=\"vertical-align: inherit;\"><span style=\"vertical-align: inherit;\"><span style=\"vertical-align: inherit;\"><span style=\"vertical-align: inherit;\"><span style=\"vertical-align: inherit;\">Vaihtop\u00e4iv\u00e4 lauantaina<\/span><\/span><\/span><\/span><\/span><\/span><\/h3>\n<h2>\u00a0<\/h2>\n<h2><strong><span style=\"vertical-align: inherit;\"><span style=\"vertical-align: inherit;\"><span style=\"vertical-align: inherit;\"><span style=\"vertical-align: inherit;\"><span style=\"vertical-align: inherit;\"><span style=\"vertical-align: inherit;\">Varaukset<\/span><\/span><\/span><\/span><\/span><\/span><\/strong><\/h2>\n<p><span style=\"vertical-align: inherit;\"><span style=\"vertical-align: inherit;\"><span style=\"vertical-align: inherit;\"><span style=\"vertical-align: inherit;\"><span style=\"vertical-align: inherit;\"><span style=\"vertical-align: inherit;\">Tiedustelut ja varaukset Erkki Ryyn\u00e4nen <\/span><\/span><\/span><\/span><\/span><\/span><strong><span style=\"vertical-align: inherit;\"><span style=\"vertical-align: inherit;\"><span style=\"vertical-align: inherit;\"><span style=\"vertical-align: inherit;\"><span style=\"vertical-align: inherit;\"><span style=\"vertical-align: inherit;\">( <\/span><\/span><\/span><\/span><\/span><\/span><a href=\"mailto:ryynaer@gmail.com\"><span style=\"vertical-align: inherit;\"><span style=\"vertical-align: inherit;\"><span style=\"vertical-align: inherit;\"><span style=\"vertical-align: inherit;\"><span style=\"vertical-align: inherit;\"><span style=\"vertical-align: inherit;\"><i class=\"fontawesome-icon fa fa-envelope-o circle-yes\" style=\"border-color:#333333;background-color:#333333;font-size:10.56px;line-height:21.12px;height:21.12px;width:21.12px;margin-right:6px;color:#ffffff;\"><\/i>ryynaer@gmail.com<\/span><\/span><\/span><\/span><\/span><\/span><\/a><span style=\"vertical-align: inherit;\"><span style=\"vertical-align: inherit;\"><span style=\"vertical-align: inherit;\"><span style=\"vertical-align: inherit;\"><span style=\"vertical-align: inherit;\"><span style=\"vertical-align: inherit;\"> \/ <i class=\"fontawesome-icon fa fa-phone circle-yes\" style=\"border-color:#333333;background-color:#333333;font-size:10.56px;line-height:21.12px;height:21.12px;width:21.12px;margin-right:6px;color:#ffffff;\"><\/i> + 358 400 788 646 ).\u00a0<\/span><\/span><\/span><\/span><\/span><\/span><\/strong><\/p>\n<h3>\u00a0<\/h3>\n<h3><strong><span style=\"vertical-align: inherit;\"><span style=\"vertical-align: inherit;\"><span style=\"vertical-align: inherit;\"><span style=\"vertical-align: inherit;\"><span style=\"vertical-align: inherit;\"><span style=\"vertical-align: inherit;\">VUOKRAUS HINNAT\u00a0 2026<\/span><\/span><\/span><\/span><\/span><\/span><\/strong><\/h3>\n<table width=\"229\">\n<tbody>\n<tr>\n<td width=\"80\">\u00a0<\/td>\n<td width=\"78\">\u00a0<\/td>\n<td width=\"23\">\u00a0<\/td>\n<td width=\"48\">\u00a0<\/td>\n<\/tr>\n<tr>\n<td>\u00a0<\/td>\n<td>VRI J\u00c4SEN<\/td>\n<td>\u00a0<\/td>\n<td>MUUT<\/td>\n<\/tr>\n<tr>\n<td>\u00a0<\/td>\n<td>\u00a0<\/td>\n<td>\u00a0<\/td>\n<td>\u00a0<\/td>\n<\/tr>\n<tr>\n<td><strong>Viikot 8-16<\/strong><\/td>\n<td>500<\/td>\n<td>\u00a0<\/td>\n<td>1000<\/td>\n<\/tr>\n<tr>\n<td><strong>Viikot 17-22<\/strong><\/td>\n<td>190<\/td>\n<td>\u00a0<\/td>\n<td>380<\/td>\n<\/tr>\n<\/tbody>\n<\/table>\n<p><!--more--><\/p>\n<p><!--more--><\/p>\n<p><!--more--><\/p><\/h4><\/div><style type=\"text\/css\"><\/style><div class=\"fusion-title title fusion-title-5 fusion-title-text fusion-title-size-two\" style=\"margin-top:0px;margin-bottom:30px;\"><h2 class=\"title-heading-left\" style=\"margin:0;\">Sijainti<\/h2><div class=\"title-sep-container\"><div class=\"title-sep sep-double sep-solid\" style=\"border-color:#e0dede;\"><\/div><\/div><\/div>\t\t\t\t\t<script type=\"text\/javascript\">\n\t\t\t\t\t\tvar map_fusion_map_69ff265f453a9;\n\t\t\t\t\t\tvar markers = [];\n\t\t\t\t\t\tvar counter = 0;\n\t\t\t\t\t\t\t\t\t\t\t\t\t\t\t\t\t\t\t\tvar fusionMapNonce = 'b539bb801d';\n\t\t\t\t\t\t\t\t\t\t\t\tfunction fusion_run_map_fusion_map_69ff265f453a9() {\n\t\t\t\t\t\t\tjQuery('#fusion_map_69ff265f453a9').fusion_maps({\n\t\t\t\t\t\t\t\taddresses: [{\"address\":\"Pistotie 8, Sirkka\",\"infobox_content\":\"Pistotie 8, Sirkka\",\"coordinates\":false,\"cache\":true,\"latitude\":\"67.81242759999999\",\"longitude\":\"24.855530000000044\"}],\n\t\t\t\t\t\t\t\tanimations: false,\n\t\t\t\t\t\t\t\tinfobox_background_color: '',\n\t\t\t\t\t\t\t\tinfobox_styling: 'default',\n\t\t\t\t\t\t\t\tinfobox_text_color: '',\n\t\t\t\t\t\t\t\tmap_style: 'default',\n\t\t\t\t\t\t\t\tmap_type: 'roadmap',\n\t\t\t\t\t\t\t\tmarker_icon: '',\n\t\t\t\t\t\t\t\toverlay_color: '',\n\t\t\t\t\t\t\t\toverlay_color_hsl: {\"hue\":0,\"sat\":0,\"lum\":100},\n\t\t\t\t\t\t\t\tpan_control: true,\n\t\t\t\t\t\t\t\tshow_address: true,\n\t\t\t\t\t\t\t\tscale_control: true,\n\t\t\t\t\t\t\t\tscrollwheel: true,\n\t\t\t\t\t\t\t\tzoom: 14,\n\t\t\t\t\t\t\t\tzoom_control: true,\n\t\t\t\t\t\t\t});\n\t\t\t\t\t\t}\n\n\t\t\t\t\t\tgoogle.maps.event.addDomListener(window, 'load', fusion_run_map_fusion_map_69ff265f453a9);\n\t\t\t\t\t<\/script>\n\t\t\t\t\t<div class=\"shortcode-map fusion-google-map fusion-maps-js-type\" id=\"fusion_map_69ff265f453a9\" style=\"height:300px;width:100%;\"><\/div><div class=\"fusion-clearfix\"><\/div>\n\n\t\t\t\t\t<\/div>\n\t\t\t\t<\/div><\/div><\/div><\/p>\n","protected":false},"excerpt":{"rendered":"<p>VARAUKSET: Varattavissa olevat viikot: \u00a0 \u00a0 \u00a0 \u00a0 \u00a0 \u00a0 \u00a0 \u00a0 \u00a0 \u00a0 \u00a0 \u00a0 \u00a0 \u00a0 \u00a0 \u00a0 \u00a0 \u00a0 Huhtikuu \u00a0 xx 16 17 xx \u00a0 \u00a0 \u00a0 \u00a0 \u00a0 \u00a0 Toukokuu \u00a0 19 20 21 xx Vaihtop\u00e4iv\u00e4 lauantaina \u00a0 Varaukset Tiedustelut ja varaukset Erkki Ryyn\u00e4nen ( ryynaer@gmail.com \/ + 358 400 788 [&hellip;]<\/p>\n","protected":false},"author":1,"featured_media":0,"parent":80,"menu_order":4,"comment_status":"closed","ping_status":"closed","template":"side-navigation.php","meta":{"footnotes":""},"class_list":["post-12063","page","type-page","status-publish","hentry"],"_links":{"self":[{"href":"https:\/\/www.vri.fi\/vriry\/wp-json\/wp\/v2\/pages\/12063","targetHints":{"allow":["GET"]}}],"collection":[{"href":"https:\/\/www.vri.fi\/vriry\/wp-json\/wp\/v2\/pages"}],"about":[{"href":"https:\/\/www.vri.fi\/vriry\/wp-json\/wp\/v2\/types\/page"}],"author":[{"embeddable":true,"href":"https:\/\/www.vri.fi\/vriry\/wp-json\/wp\/v2\/users\/1"}],"replies":[{"embeddable":true,"href":"https:\/\/www.vri.fi\/vriry\/wp-json\/wp\/v2\/comments?post=12063"}],"version-history":[{"count":119,"href":"https:\/\/www.vri.fi\/vriry\/wp-json\/wp\/v2\/pages\/12063\/revisions"}],"predecessor-version":[{"id":12785,"href":"https:\/\/www.vri.fi\/vriry\/wp-json\/wp\/v2\/pages\/12063\/revisions\/12785"}],"up":[{"embeddable":true,"href":"https:\/\/www.vri.fi\/vriry\/wp-json\/wp\/v2\/pages\/80"}],"wp:attachment":[{"href":"https:\/\/www.vri.fi\/vriry\/wp-json\/wp\/v2\/media?parent=12063"}],"curies":[{"name":"wp","href":"https:\/\/api.w.org\/{rel}","templated":true}]}}