{"id":12064,"date":"2018-03-11T16:22:00","date_gmt":"2018-03-11T16:22:00","guid":{"rendered":"http:\/\/www.vri.fi\/vriry\/?page_id=12064"},"modified":"2026-02-02T14:09:21","modified_gmt":"2026-02-02T11:09:21","slug":"asunto_parnussa","status":"publish","type":"page","link":"https:\/\/www.vri.fi\/vriry\/jasenelle\/asunto_parnussa\/","title":{"rendered":"Asunto P&auml;rnussa"},"content":{"rendered":"<div class=\"fusion-fullwidth fullwidth-box fusion-builder-row-1 nonhundred-percent-fullwidth non-hundred-percent-height-scrolling\"  style='background-color: #ffffff;background-position: center center;background-repeat: no-repeat;padding-top:0px;padding-right:0px;padding-bottom:0px;padding-left:0px;'><div class=\"fusion-builder-row fusion-row \"><div  class=\"fusion-layout-column fusion_builder_column fusion_builder_column_1_1 fusion-builder-column-1 fusion-one-full fusion-column-first fusion-column-last 1_1\"  style='margin-top:0px;margin-bottom:0px;'>\n\t\t\t\t\t<div class=\"fusion-column-wrapper\" style=\"padding: 0px 0px 0px 0px;background-position:left top;background-repeat:no-repeat;-webkit-background-size:cover;-moz-background-size:cover;-o-background-size:cover;background-size:cover;\"   data-bg-url=\"\">\n\t\t\t\t\t\t<div class=\"fusion-text\"><p>Raideliikenteen insin\u00f6\u00f6rit ja ylemm\u00e4t toimihenkil\u00f6t VRI ry hankki j\u00e4seniens\u00e4 k\u00e4ytt\u00f6\u00f6n vuonna 2004 viihtyis\u00e4n kaksion Virosta, P\u00e4rnusta.<\/p>\n<\/div><style type=\"text\/css\"><\/style><div class=\"fusion-title title fusion-title-1 fusion-title-text fusion-title-size-two\" style=\"margin-top:0px;margin-bottom:30px;\"><h2 class=\"title-heading-left\" style=\"margin:0;\">Tietoja<\/h2><div class=\"title-sep-container\"><div class=\"title-sep sep-double sep-solid\" style=\"border-color:#e0dede;\"><\/div><\/div><\/div><div class=\"fusion-clearfix\"><\/div>\n\n\t\t\t\t\t<\/div>\n\t\t\t\t<\/div><div  class=\"fusion-layout-column fusion_builder_column fusion_builder_column_1_2 fusion-builder-column-2 fusion-one-half fusion-column-first 1_2\"  style='margin-top:0px;margin-bottom:20px;width:50%;width:calc(50% - ( ( 4% ) * 0.5 ) );margin-right: 4%;'>\n\t\t\t\t\t<div class=\"fusion-column-wrapper\" style=\"padding: 0px 0px 0px 0px;background-position:left top;background-repeat:no-repeat;-webkit-background-size:cover;-moz-background-size:cover;-o-background-size:cover;background-size:cover;\"   data-bg-url=\"\">\n\t\t\t\t\t\t<ul class=\"fusion-checklist fusion-checklist-1\" style=\"font-size:13px;line-height:22.1px;\"><li class=\"fusion-li-item\"><span style=\"background-color:#a0ce4e;font-size:11.44px;height:22.1px;width:22.1px;margin-right:9.1px;\" class=\"icon-wrapper circle-yes\"><i class=\"fusion-li-icon fa fa-home\" style=\"color:#ffffff;\"><\/i><\/span><div class=\"fusion-li-item-content\" style=\"margin-left:31.2px;\">\n<p>2 h + kk + parveke<\/p>\n<\/div><\/li><li class=\"fusion-li-item\"><span style=\"background-color:#a0ce4e;font-size:11.44px;height:22.1px;width:22.1px;margin-right:9.1px;\" class=\"icon-wrapper circle-yes\"><i class=\"fusion-li-icon fa fa-home\" style=\"color:#ffffff;\"><\/i><\/span><div class=\"fusion-li-item-content\" style=\"margin-left:31.2px;\">\n<p>Hissi, 4 krs.<\/p>\n<\/div><\/li><li class=\"fusion-li-item\"><span style=\"background-color:#a0ce4e;font-size:11.44px;height:22.1px;width:22.1px;margin-right:9.1px;\" class=\"icon-wrapper circle-yes\"><i class=\"fusion-li-icon fa fa-bed\" style=\"color:#ffffff;\"><\/i><\/span><div class=\"fusion-li-item-content\" style=\"margin-left:31.2px;\">\n<p>Kaksi vuodetta makuuhuoneessa<\/p>\n<\/div><\/li><li class=\"fusion-li-item\"><span style=\"background-color:#a0ce4e;font-size:11.44px;height:22.1px;width:22.1px;margin-right:9.1px;\" class=\"icon-wrapper circle-yes\"><i class=\"fusion-li-icon fa fa-bed\" style=\"color:#ffffff;\"><\/i><\/span><div class=\"fusion-li-item-content\" style=\"margin-left:31.2px;\">\n<p>Kaksi avattavaa vuodesohvaa olohuoneessa<\/p>\n<\/div><\/li><li class=\"fusion-li-item\"><span style=\"background-color:#a0ce4e;font-size:11.44px;height:22.1px;width:22.1px;margin-right:9.1px;\" class=\"icon-wrapper circle-yes\"><i class=\"fusion-li-icon fa fa-television\" style=\"color:#ffffff;\"><\/i><\/span><div class=\"fusion-li-item-content\" style=\"margin-left:31.2px;\">\n<p>Televisio (Suomalaisia kanavia 2 kpl + muita 20 kpl), HDMI kaapeli<\/p>\n<\/div><\/li><li class=\"fusion-li-item\"><span style=\"background-color:#a0ce4e;font-size:11.44px;height:22.1px;width:22.1px;margin-right:9.1px;\" class=\"icon-wrapper circle-yes\"><i class=\"fusion-li-icon fa fa-wifi\" style=\"color:#ffffff;\"><\/i><\/span><div class=\"fusion-li-item-content\" style=\"margin-left:31.2px;\">\n<p>Internet yhteys, WiFi<\/p>\n<\/div><\/li><li class=\"fusion-li-item\"><span style=\"background-color:#a0ce4e;font-size:11.44px;height:22.1px;width:22.1px;margin-right:9.1px;\" class=\"icon-wrapper circle-yes\"><i class=\"fusion-li-icon fa fa-home\" style=\"color:#ffffff;\"><\/i><\/span><div class=\"fusion-li-item-content\" style=\"margin-left:31.2px;\">\n<p>Astianpesukone<\/p>\n<\/div><\/li><li class=\"fusion-li-item\"><span style=\"background-color:#a0ce4e;font-size:11.44px;height:22.1px;width:22.1px;margin-right:9.1px;\" class=\"icon-wrapper circle-yes\"><i class=\"fusion-li-icon fa fa-firefox\" style=\"color:#ffffff;\"><\/i><\/span><div class=\"fusion-li-item-content\" style=\"margin-left:31.2px;\">\n<p>Lemmikit eiv\u00e4t ole sallittuja.<\/p>\n<\/div><\/li><\/ul><div class=\"fusion-clearfix\"><\/div>\n\n\t\t\t\t\t<\/div>\n\t\t\t\t<\/div><div  class=\"fusion-layout-column fusion_builder_column fusion_builder_column_1_2 fusion-builder-column-3 fusion-one-half fusion-column-last 1_2\"  style='margin-top:0px;margin-bottom:20px;width:50%;width:calc(50% - ( ( 4% ) * 0.5 ) );'>\n\t\t\t\t\t<div class=\"fusion-column-wrapper\" style=\"padding: 0px 0px 0px 0px;background-position:left top;background-repeat:no-repeat;-webkit-background-size:cover;-moz-background-size:cover;-o-background-size:cover;background-size:cover;\"   data-bg-url=\"\">\n\t\t\t\t\t\t<ul class=\"fusion-checklist fusion-checklist-2\" style=\"font-size:13px;line-height:22.1px;\"><li class=\"fusion-li-item\"><span style=\"background-color:#a0ce4e;font-size:11.44px;height:22.1px;width:22.1px;margin-right:9.1px;\" class=\"icon-wrapper circle-yes\"><i class=\"fusion-li-icon fa fa-home\" style=\"color:#ffffff;\"><\/i><\/span><div class=\"fusion-li-item-content\" style=\"margin-left:31.2px;\">\n<p>Mikroaaltouuni<\/p>\n<\/div><\/li><li class=\"fusion-li-item\"><span style=\"background-color:#a0ce4e;font-size:11.44px;height:22.1px;width:22.1px;margin-right:9.1px;\" class=\"icon-wrapper circle-yes\"><i class=\"fusion-li-icon fa fa-home\" style=\"color:#ffffff;\"><\/i><\/span><div class=\"fusion-li-item-content\" style=\"margin-left:31.2px;\">\n<p>S\u00e4hk\u00f6hella<\/p>\n<\/div><\/li><li class=\"fusion-li-item\"><span style=\"background-color:#a0ce4e;font-size:11.44px;height:22.1px;width:22.1px;margin-right:9.1px;\" class=\"icon-wrapper circle-yes\"><i class=\"fusion-li-icon fa fa-home\" style=\"color:#ffffff;\"><\/i><\/span><div class=\"fusion-li-item-content\" style=\"margin-left:31.2px;\">\n<p>J\u00e4\u00e4viile\u00e4kaappi<\/p>\n<\/div><\/li><li class=\"fusion-li-item\"><span style=\"background-color:#a0ce4e;font-size:11.44px;height:22.1px;width:22.1px;margin-right:9.1px;\" class=\"icon-wrapper circle-yes\"><i class=\"fusion-li-icon fa fa-home\" style=\"color:#ffffff;\"><\/i><\/span><div class=\"fusion-li-item-content\" style=\"margin-left:31.2px;\">\n<p>Kahvinkeitin, vedenkeitin<\/p>\n<\/div><\/li><li class=\"fusion-li-item\"><span style=\"background-color:#a0ce4e;font-size:11.44px;height:22.1px;width:22.1px;margin-right:9.1px;\" class=\"icon-wrapper circle-yes\"><i class=\"fusion-li-icon fa fa-home\" style=\"color:#ffffff;\"><\/i><\/span><div class=\"fusion-li-item-content\" style=\"margin-left:31.2px;\">\n<p>Leiv\u00e4npaahdin<\/p>\n<\/div><\/li><li class=\"fusion-li-item\"><span style=\"background-color:#a0ce4e;font-size:11.44px;height:22.1px;width:22.1px;margin-right:9.1px;\" class=\"icon-wrapper circle-yes\"><i class=\"fusion-li-icon fa fa-spoon\" style=\"color:#ffffff;\"><\/i><\/span><div class=\"fusion-li-item-content\" style=\"margin-left:31.2px;\">\n<p>Kokkailuv\u00e4lineit\u00e4<\/p>\n<\/div><\/li><li class=\"fusion-li-item\"><span style=\"background-color:#a0ce4e;font-size:11.44px;height:22.1px;width:22.1px;margin-right:9.1px;\" class=\"icon-wrapper circle-yes\"><i class=\"fusion-li-icon fa fa-home\" style=\"color:#ffffff;\"><\/i><\/span><div class=\"fusion-li-item-content\" style=\"margin-left:31.2px;\">\n<p>Pyykinpesukone<\/p>\n<\/div><\/li><\/ul><div class=\"fusion-clearfix\"><\/div>\n\n\t\t\t\t\t<\/div>\n\t\t\t\t<\/div><div  class=\"fusion-layout-column fusion_builder_column fusion_builder_column_1_1 fusion-builder-column-4 fusion-one-full fusion-column-first fusion-column-last 1_1\"  style='margin-top:0px;margin-bottom:20px;'>\n\t\t\t\t\t<div class=\"fusion-column-wrapper\" style=\"padding: 0px 0px 0px 0px;background-position:left top;background-repeat:no-repeat;-webkit-background-size:cover;-moz-background-size:cover;-o-background-size:cover;background-size:cover;\"   data-bg-url=\"\">\n\t\t\t\t\t\t<style type=\"text\/css\">.fusion-gallery-1 .fusion-gallery-image {border:0px solid #f6f6f6;}<\/style><div class=\"fusion-gallery fusion-gallery-container fusion-grid-2 fusion-columns-total-0 fusion-gallery-layout-grid fusion-gallery-1\" style=\"margin:-5px;\"><div style=\"padding:5px;\" class=\"fusion-grid-column fusion-gallery-column fusion-gallery-column-2 hover-type-none\"><div class=\"fusion-gallery-image\"><a href=\"https:\/\/www.vri.fi\/vriry\/wp-content\/uploads\/2018\/04\/DSC_2978-e1523733828166.jpg\" rel=\"noreferrer\" data-rel=\"iLightbox[gallery_image_1]\" class=\"fusion-lightbox\" target=\"_self\"><img loading=\"lazy\" decoding=\"async\" src=\"https:\/\/www.vri.fi\/vriry\/wp-content\/uploads\/2018\/04\/DSC_2978-600x338.jpg\" width=\"1024\" height=\"576\" alt=\"\" title=\"DSC_2978\" aria-label=\"DSC_2978\" class=\"img-responsive wp-image-12190\" \/><\/a><\/div><\/div><div style=\"padding:5px;\" class=\"fusion-grid-column fusion-gallery-column fusion-gallery-column-2 hover-type-none\"><div class=\"fusion-gallery-image\"><a href=\"https:\/\/www.vri.fi\/vriry\/wp-content\/uploads\/2018\/04\/DSC_2980-e1523733861655.jpg\" rel=\"noreferrer\" data-rel=\"iLightbox[gallery_image_1]\" class=\"fusion-lightbox\" target=\"_self\"><img loading=\"lazy\" decoding=\"async\" src=\"https:\/\/www.vri.fi\/vriry\/wp-content\/uploads\/2018\/04\/DSC_2980-600x338.jpg\" width=\"1024\" height=\"576\" alt=\"\" title=\"DSC_2980\" aria-label=\"DSC_2980\" class=\"img-responsive wp-image-12191\" \/><\/a><\/div><\/div><div class=\"clearfix\"><\/div><\/div><style type=\"text\/css\"><\/style><div class=\"fusion-title title fusion-title-2 fusion-title-text fusion-title-size-two\" style=\"margin-top:25px;margin-bottom:30px;\"><h2 class=\"title-heading-left\" style=\"margin:0;\"><strong>Hinnat VRI:n j\u00e4senille 2026<\/strong><\/h2><div class=\"title-sep-container\"><div class=\"title-sep sep-double sep-solid\" style=\"border-color:#e0dede;\"><\/div><\/div><\/div>\n<div class=\"table-1\">\n<table style=\"height: 238px;\" width=\"501\">\n<thead>\n<tr>\n<th align=\"left\">Ajankohta<\/th>\n<th align=\"left\">Viikkohinta<\/th>\n<th align=\"left\">Viikonloppu tai osaviikko<\/th>\n<\/tr>\n<\/thead>\n<tbody>\n<tr>\n<td align=\"left\">Tammikuu &#8211; Huhtikuu<\/td>\n<td align=\"left\">190 \u20ac<\/td>\n<td align=\"left\">165 \u20ac<\/td>\n<\/tr>\n<tr>\n<td align=\"left\">Toukokuu<\/td>\n<td align=\"left\">250&nbsp; \u20ac<\/td>\n<td align=\"left\">200 \u20ac<\/td>\n<\/tr>\n<tr>\n<td align=\"left\">Kes\u00e4 &#8211; Elokuu<\/td>\n<td align=\"left\">420 \u20ac<\/td>\n<td align=\"left\">&#8212;&#8211;<\/td>\n<\/tr>\n<tr>\n<td align=\"left\">Syyskuu<\/td>\n<td align=\"left\">250 \u20ac<\/td>\n<td align=\"left\">200 \u20ac<\/td>\n<\/tr>\n<tr>\n<td align=\"left\">Loka &#8211; Joulukuu<\/td>\n<td align=\"left\">190 \u20ac<\/td>\n<td align=\"left\">165 \u20ac<\/td>\n<\/tr>\n<\/tbody>\n<\/table>\n<\/div>\n<div class=\"fusion-text\"><p>Varausmaksu on 30 euroa, joka maksetaan heti varausvahvistuksen j\u00e4lkeen.<\/p>\n<p><strong>Oikeus t\u00e4h\u00e4n halvimpaan hintaan on vain Raideliikenteen insin\u00f6\u00f6rit ja ylemm\u00e4t toimihenkil\u00f6t VRI ry:n j\u00e4senill\u00e4.<\/strong><\/p>\n<p>Kysy P\u00e4rnun is\u00e4nn\u00e4lt\u00e4 (Olavi Kiviniemi, p. 0400 616942) my\u00f6s mahdollisia peruutusaikoja ja erikoistarjouksia, jotka hinnoitellaan tapauskohtaisesti.<\/p>\n<\/div><style type=\"text\/css\"><\/style><div class=\"fusion-title title fusion-title-3 fusion-title-text fusion-title-size-two\" style=\"margin-top:25px;margin-bottom:30px;\"><h2 class=\"title-heading-left\" style=\"margin:0;\">Hinnat VRI:n ulkopuolisille liittoyhteis\u00f6n j\u00e4senille 2026<\/h2><div class=\"title-sep-container\"><div class=\"title-sep sep-double sep-solid\" style=\"border-color:#e0dede;\"><\/div><\/div><\/div>\n<div class=\"table-1\">\n<table style=\"height: 232px;\" width=\"502\">\n<thead>\n<tr>\n<th align=\"left\"><span style=\"vertical-align: inherit;\"><span style=\"vertical-align: inherit;\">Ajankohta<\/span><\/span><\/th>\n<th align=\"left\"><span style=\"vertical-align: inherit;\"><span style=\"vertical-align: inherit;\">Viikkohinta<\/span><\/span><\/th>\n<th align=\"left\"><span style=\"vertical-align: inherit;\"><span style=\"vertical-align: inherit;\">Viikonloppu tai osaviikko<\/span><\/span><\/th>\n<\/tr>\n<\/thead>\n<tbody>\n<tr>\n<td align=\"left\"><span style=\"vertical-align: inherit;\"><span style=\"vertical-align: inherit;\">Tammikuu &#8211; Huhtikuu<\/span><\/span><\/td>\n<td align=\"left\"><span style=\"vertical-align: inherit;\"><span style=\"vertical-align: inherit;\">275 \u20ac<\/span><\/span><\/td>\n<td align=\"left\"><span style=\"vertical-align: inherit;\"><span style=\"vertical-align: inherit;\">220 \u20ac<\/span><\/span><\/td>\n<\/tr>\n<tr>\n<td align=\"left\"><span style=\"vertical-align: inherit;\"><span style=\"vertical-align: inherit;\">Toukokuu<\/span><\/span><\/td>\n<td align=\"left\"><span style=\"vertical-align: inherit;\"><span style=\"vertical-align: inherit;\">330 \u20ac<\/span><\/span><\/td>\n<td align=\"left\"><span style=\"vertical-align: inherit;\"><span style=\"vertical-align: inherit;\">270 \u20ac<\/span><\/span><\/td>\n<\/tr>\n<tr>\n<td align=\"left\"><span style=\"vertical-align: inherit;\"><span style=\"vertical-align: inherit;\">Kes\u00e4kuu &#8211; Elokuu<\/span><\/span><\/td>\n<td align=\"left\"><span style=\"vertical-align: inherit;\"><span style=\"vertical-align: inherit;\">510 \u20ac<\/span><\/span><\/td>\n<td align=\"left\"><span style=\"vertical-align: inherit;\"><span style=\"vertical-align: inherit;\">&#8212;&#8211;<\/span><\/span><\/td>\n<\/tr>\n<tr>\n<td align=\"left\"><span style=\"vertical-align: inherit;\"><span style=\"vertical-align: inherit;\">Syyskuu<\/span><\/span><\/td>\n<td align=\"left\"><span style=\"vertical-align: inherit;\"><span style=\"vertical-align: inherit;\">330 \u20ac<\/span><\/span><\/td>\n<td align=\"left\"><span style=\"vertical-align: inherit;\"><span style=\"vertical-align: inherit;\">270 \u20ac<\/span><\/span><\/td>\n<\/tr>\n<tr>\n<td align=\"left\"><span style=\"vertical-align: inherit;\"><span style=\"vertical-align: inherit;\">Lokakuu &#8211; Joulukuu<\/span><\/span><\/td>\n<td align=\"left\"><span style=\"vertical-align: inherit;\"><span style=\"vertical-align: inherit;\">275 \u20ac<\/span><\/span><\/td>\n<td align=\"left\"><span style=\"vertical-align: inherit;\"><span style=\"vertical-align: inherit;\">220 \u20ac<\/span><\/span><\/td>\n<\/tr>\n<\/tbody>\n<\/table>\n<\/div>\n<div class=\"fusion-text\"><p>Varausmaksu on 30 euroa, joka maksetaan heti varausvahvistuksen j\u00e4lkeen.<\/p>\n<p><strong>Oikeus t\u00e4h\u00e4n hintaan on vain Insin\u00f6\u00f6riliiton jonkin aluej\u00e4rjest\u00f6n j\u00e4senill\u00e4.<\/strong><\/p>\n<p>Kysy P\u00e4rnun is\u00e4nn\u00e4lt\u00e4 (Olavi Kiviniemi, p. 0400 616942) my\u00f6s mahdollisia peruutusaikoja ja erikoistarjouksia, jotka hinnoitellaan tapauskohtaisesti.<\/p>\n<\/div><div class=\"fusion-text\"><\/div><div class=\"fusion-text\"><p align=\"left\">Majoittautumisen aloittaminen ja lopettaminen:<\/p>\n<ul>\n<li>\n<p align=\"left\">Koko viikko: aloitus perjantaina klo 14 \u2013 lopetus seuraavana perjantaina klo 11<\/p>\n<\/li>\n<li>\n<p align=\"left\">Viikonloppu (ei kes\u00e4aikana): aloitus perjantaina klo 14 \u2013 lopetus maanantaina klo 11<\/p>\n<\/li>\n<li>\n<p align=\"left\">Osaviikko (ei kes\u00e4aikana): aloitus maanantaina klo 14 \u2013 lopetus perjantaina klo 11<\/p>\n<\/li>\n<\/ul>\n<\/div><style type=\"text\/css\"><\/style><div class=\"fusion-title title fusion-title-4 fusion-title-text fusion-title-size-two\" style=\"margin-top:0px;margin-bottom:30px;\"><h2 class=\"title-heading-left\" style=\"margin:0;\">Varaus<\/h2><div class=\"title-sep-container\"><div class=\"title-sep sep-double sep-solid\" style=\"border-color:#e0dede;\"><\/div><\/div><\/div><style type='text\/css'>.reading-box-container-1 .element-bottomshadow:before,.reading-box-container-1 .element-bottomshadow:after{opacity:0.7;}<\/style><div class=\"fusion-reading-box-container reading-box-container-1 fusion-animated\" data-animationType=\"bounce\" data-animationDuration=\"0.3\" data-animationOffset=\"100%\" style=\"margin-top:0px;margin-bottom:84px;\"><div class=\"reading-box element-bottomshadow\" style=\"background-color:#f6f6f6;border-width:1px;border-color:#f6f6f6;border-left-width:3px;border-left-color:var(--primary_color);border-style:solid;\"><a class=\"button fusion-button button-default fusion-button-large button-large button-3d fusion-desktop-button fusion-tagline-button continue fusion-desktop-button-margin continue-right\" style=\"border-radius:5px;\" href=\"https:\/\/www.vri.fi\/vriry\/jasenelle\/asunto_parnussa\/varauskalenteri\/\" target=\"_self\"><span>VARAUSKALENTERI<\/span><\/a><h2>Varauskalenteri<\/h2><div class=\"reading-box-description fusion-reading-box-additional\">Varaa P\u00e4rnun asunto ja tee miellytt\u00e4v\u00e4 lomamatka hele\u00e4n auringonpaisteen, suolaisen meriveden, virkist\u00e4vien l\u00e4nsituulten, ihastuttavien bulevardien, erinomaisten uintimahdollisuuksien, nykyaikaisten hoitoloiden, musiikin ja yst\u00e4v\u00e4llisten ihmisten  iloisenmielen kylpyl\u00e4kaupunkiin. <\/div><div class=\"fusion-clearfix\"><\/div><a class=\"button fusion-button button-default fusion-button-large button-large button-3d fusion-mobile-button continue-right\" style=\"border-radius:5px;\" href=\"https:\/\/www.vri.fi\/vriry\/jasenelle\/asunto_parnussa\/varauskalenteri\/\" target=\"_self\"><span>VARAUSKALENTERI<\/span><\/a><\/div><\/div><div class=\"fusion-text\"><p>Varaus on sitova varaushetkest\u00e4 alkaen, riippumatta siit\u00e4 tehtiink\u00f6 varaus puhelimitse vai kirjallisesti.<\/p>\n<p>Maksuaika: 21 p\u00e4iv\u00e4\u00e4 (ennen vuokrausajankohtaa)<\/p>\n<p>VRI tilinumero:\u00a0Nordea FI25 1011 3007 2063 93<\/p>\n<p>Avain-yhteyshenkil\u00f6: Olavi Kiviniemi<\/p>\n<p>Puhelin: +358 (0)400 61 69 42<\/p>\n<p>S\u00e4hk\u00f6posti: metsa15.vri@gmail.com<\/p>\n<p>Asunnossa on ohjekansio, josta saat lis\u00e4ohjeita asunnosta ja P\u00e4rnusta.<\/p>\n<\/div><style type=\"text\/css\"><\/style><div class=\"fusion-title title fusion-title-5 fusion-title-text fusion-title-size-two\" style=\"margin-top:25px;margin-bottom:30px;\"><h2 class=\"title-heading-left\" style=\"margin:0;\">Sijainti<\/h2><div class=\"title-sep-container\"><div class=\"title-sep sep-double sep-solid\" style=\"border-color:#e0dede;\"><\/div><\/div><\/div><div class=\"fusion-text\"><p>Asunto sijaitsee\u00a0vajaan 3 km p\u00e4\u00e4ss\u00e4 P\u00e4rnun keskustasta, osoitteessa Metsa 15 a as 23.<\/p>\n<\/div>\t\t\t\t\t<script type=\"text\/javascript\">\n\t\t\t\t\t\tvar map_fusion_map_69fee35a5b909;\n\t\t\t\t\t\tvar markers = [];\n\t\t\t\t\t\tvar counter = 0;\n\t\t\t\t\t\t\t\t\t\t\t\t\t\t\t\t\t\t\t\tvar fusionMapNonce = 'bc8046cf34';\n\t\t\t\t\t\t\t\t\t\t\t\tfunction fusion_run_map_fusion_map_69fee35a5b909() {\n\t\t\t\t\t\t\tjQuery('#fusion_map_69fee35a5b909').fusion_maps({\n\t\t\t\t\t\t\t\taddresses: [{\"address\":\"Metsa 15 a 23, P\\u00e4rnu\",\"infobox_content\":\"Metsa 15 a 23, P\\u00e4rnu\",\"coordinates\":false,\"cache\":true,\"latitude\":\"58.3708687\",\"longitude\":\"24.54165420000004\"}],\n\t\t\t\t\t\t\t\tanimations: true,\n\t\t\t\t\t\t\t\tinfobox_background_color: '',\n\t\t\t\t\t\t\t\tinfobox_styling: 'default',\n\t\t\t\t\t\t\t\tinfobox_text_color: '',\n\t\t\t\t\t\t\t\tmap_style: 'default',\n\t\t\t\t\t\t\t\tmap_type: 'roadmap',\n\t\t\t\t\t\t\t\tmarker_icon: '',\n\t\t\t\t\t\t\t\toverlay_color: '',\n\t\t\t\t\t\t\t\toverlay_color_hsl: {\"hue\":0,\"sat\":0,\"lum\":100},\n\t\t\t\t\t\t\t\tpan_control: true,\n\t\t\t\t\t\t\t\tshow_address: true,\n\t\t\t\t\t\t\t\tscale_control: true,\n\t\t\t\t\t\t\t\tscrollwheel: true,\n\t\t\t\t\t\t\t\tzoom: 14,\n\t\t\t\t\t\t\t\tzoom_control: true,\n\t\t\t\t\t\t\t});\n\t\t\t\t\t\t}\n\n\t\t\t\t\t\tgoogle.maps.event.addDomListener(window, 'load', fusion_run_map_fusion_map_69fee35a5b909);\n\t\t\t\t\t<\/script>\n\t\t\t\t\t<div class=\"shortcode-map fusion-google-map fusion-maps-js-type\" id=\"fusion_map_69fee35a5b909\" style=\"height:300px;width:100%;\"><\/div><div class=\"fusion-clearfix\"><\/div>\n\n\t\t\t\t\t<\/div>\n\t\t\t\t<\/div><\/div><\/div>\n","protected":false},"excerpt":{"rendered":"","protected":false},"author":1,"featured_media":0,"parent":80,"menu_order":0,"comment_status":"closed","ping_status":"closed","template":"side-navigation.php","meta":{"footnotes":""},"class_list":["post-12064","page","type-page","status-publish","hentry"],"_links":{"self":[{"href":"https:\/\/www.vri.fi\/vriry\/wp-json\/wp\/v2\/pages\/12064","targetHints":{"allow":["GET"]}}],"collection":[{"href":"https:\/\/www.vri.fi\/vriry\/wp-json\/wp\/v2\/pages"}],"about":[{"href":"https:\/\/www.vri.fi\/vriry\/wp-json\/wp\/v2\/types\/page"}],"author":[{"embeddable":true,"href":"https:\/\/www.vri.fi\/vriry\/wp-json\/wp\/v2\/users\/1"}],"replies":[{"embeddable":true,"href":"https:\/\/www.vri.fi\/vriry\/wp-json\/wp\/v2\/comments?post=12064"}],"version-history":[{"count":13,"href":"https:\/\/www.vri.fi\/vriry\/wp-json\/wp\/v2\/pages\/12064\/revisions"}],"predecessor-version":[{"id":12777,"href":"https:\/\/www.vri.fi\/vriry\/wp-json\/wp\/v2\/pages\/12064\/revisions\/12777"}],"up":[{"embeddable":true,"href":"https:\/\/www.vri.fi\/vriry\/wp-json\/wp\/v2\/pages\/80"}],"wp:attachment":[{"href":"https:\/\/www.vri.fi\/vriry\/wp-json\/wp\/v2\/media?parent=12064"}],"curies":[{"name":"wp","href":"https:\/\/api.w.org\/{rel}","templated":true}]}}