{"id":12067,"date":"2018-03-11T16:22:53","date_gmt":"2018-03-11T16:22:53","guid":{"rendered":"http:\/\/www.vri.fi\/vriry\/?page_id=12067"},"modified":"2025-05-03T18:10:15","modified_gmt":"2025-05-03T15:10:15","slug":"jsenmaksut","status":"publish","type":"page","link":"https:\/\/www.vri.fi\/vriry\/jasenelle\/jsenmaksut\/","title":{"rendered":"J&auml;senmaksut"},"content":{"rendered":"<div class=\"fusion-fullwidth fullwidth-box fusion-builder-row-1 hundred-percent-fullwidth non-hundred-percent-height-scrolling\"  style='background-color: #ffffff;background-position: center center;background-repeat: no-repeat;padding-top:0px;padding-right:0px;padding-bottom:0px;padding-left:0px;'><div class=\"fusion-builder-row fusion-row \"><div  class=\"fusion-layout-column fusion_builder_column fusion_builder_column_1_1 fusion-builder-column-1 fusion-one-full fusion-column-first fusion-column-last fusion-column-no-min-height 1_1\"  style='margin-top:0px;margin-bottom:0px;'>\n\t\t\t\t\t<div class=\"fusion-column-wrapper\" style=\"padding: 0px 0px 0px 0px;background-position:left top;background-repeat:no-repeat;-webkit-background-size:cover;-moz-background-size:cover;-o-background-size:cover;background-size:cover;\"   data-bg-url=\"\">\n\t\t\t\t\t\t<style type=\"text\/css\"><\/style><div class=\"fusion-title title fusion-title-1 fusion-title-text fusion-title-size-two\" style=\"margin-top:0px;margin-bottom:30px;\"><h2 class=\"title-heading-left\" style=\"margin:0;\">J\u00e4senmaksut<\/h2><div class=\"title-sep-container\"><div class=\"title-sep sep-double sep-solid\" style=\"border-color:#e0dede;\"><\/div><\/div><\/div><div class=\"fusion-text\"><p>Raideliikenteen insin\u00f6\u00f6rit ja ylemm\u00e4t toimihenkil\u00f6t VRI:n j\u00e4senmaksut on siirtynyt omaan laskutukseen.<\/p>\n<p>\u00a0<\/p>\n<p>\u00a0<\/p>\n<\/div><style type=\"text\/css\"><\/style><div class=\"fusion-title title fusion-title-2 fusion-title-text fusion-title-size-three\" style=\"margin-top:0px;margin-bottom:30px;\"><h3 class=\"title-heading-left\" style=\"margin:0;\">J\u00e4senmaksu<\/h3><div class=\"title-sep-container\"><div class=\"title-sep sep-double sep-solid\" style=\"border-color:#e0dede;\"><\/div><\/div><\/div><div class=\"fusion-text\"><p>Raideliikenteen insin\u00f6\u00f6rit ja ylemm\u00e4t toimihenkil\u00f6t VRI ry:n j\u00e4senmaksut vuonna 2025 on 24 \u20ac\/vuosi.<\/p>\n<\/div><style type=\"text\/css\"><\/style><div class=\"fusion-title title fusion-title-3 fusion-title-text fusion-title-size-two\" style=\"margin-top:0px;margin-bottom:30px;\"><h2 class=\"title-heading-left\" style=\"margin:0;\"><\/h2><div class=\"title-sep-container\"><div class=\"title-sep sep-double sep-solid\" style=\"border-color:#e0dede;\"><\/div><\/div><\/div><div class=\"fusion-text\"><\/div><div class=\"fusion-clearfix\"><\/div>\n\n\t\t\t\t\t<\/div>\n\t\t\t\t<\/div><\/div><\/div>\n","protected":false},"excerpt":{"rendered":"","protected":false},"author":1,"featured_media":0,"parent":80,"menu_order":2,"comment_status":"closed","ping_status":"closed","template":"side-navigation.php","meta":{"footnotes":""},"class_list":["post-12067","page","type-page","status-publish","hentry"],"_links":{"self":[{"href":"https:\/\/www.vri.fi\/vriry\/wp-json\/wp\/v2\/pages\/12067","targetHints":{"allow":["GET"]}}],"collection":[{"href":"https:\/\/www.vri.fi\/vriry\/wp-json\/wp\/v2\/pages"}],"about":[{"href":"https:\/\/www.vri.fi\/vriry\/wp-json\/wp\/v2\/types\/page"}],"author":[{"embeddable":true,"href":"https:\/\/www.vri.fi\/vriry\/wp-json\/wp\/v2\/users\/1"}],"replies":[{"embeddable":true,"href":"https:\/\/www.vri.fi\/vriry\/wp-json\/wp\/v2\/comments?post=12067"}],"version-history":[{"count":8,"href":"https:\/\/www.vri.fi\/vriry\/wp-json\/wp\/v2\/pages\/12067\/revisions"}],"predecessor-version":[{"id":12737,"href":"https:\/\/www.vri.fi\/vriry\/wp-json\/wp\/v2\/pages\/12067\/revisions\/12737"}],"up":[{"embeddable":true,"href":"https:\/\/www.vri.fi\/vriry\/wp-json\/wp\/v2\/pages\/80"}],"wp:attachment":[{"href":"https:\/\/www.vri.fi\/vriry\/wp-json\/wp\/v2\/media?parent=12067"}],"curies":[{"name":"wp","href":"https:\/\/api.w.org\/{rel}","templated":true}]}}