{"id":12264,"date":"2018-08-23T21:38:39","date_gmt":"2018-08-23T18:38:39","guid":{"rendered":"https:\/\/www.vri.fi\/vriry\/?page_id=12264"},"modified":"2019-09-15T14:44:34","modified_gmt":"2019-09-15T11:44:34","slug":"gdpr","status":"publish","type":"page","link":"https:\/\/www.vri.fi\/vriry\/vri-2\/gdpr\/","title":{"rendered":"Tietosuoja-asetus"},"content":{"rendered":"<div class=\"fusion-fullwidth fullwidth-box fusion-builder-row-1 hundred-percent-fullwidth non-hundred-percent-height-scrolling\"  style='background-color: #ffffff;background-position: center center;background-repeat: no-repeat;padding-top:0px;padding-right:0px;padding-bottom:0px;padding-left:0px;'><div class=\"fusion-builder-row fusion-row \"><div  class=\"fusion-layout-column fusion_builder_column fusion_builder_column_1_1 fusion-builder-column-1 fusion-one-full fusion-column-first fusion-column-last fusion-column-no-min-height 1_1\"  style='margin-top:0px;margin-bottom:0px;'>\n\t\t\t\t\t<div class=\"fusion-column-wrapper\" style=\"padding: 0px 0px 0px 0px;background-position:left top;background-repeat:no-repeat;-webkit-background-size:cover;-moz-background-size:cover;-o-background-size:cover;background-size:cover;\"   data-bg-url=\"\">\n\t\t\t\t\t\t<style type=\"text\/css\"><\/style><div class=\"fusion-title title fusion-title-1 fusion-title-text fusion-title-size-one\" style=\"margin-top:0px;margin-bottom:30px;\"><h1 class=\"title-heading-left\" style=\"margin:0;\">SELOSTUS K\u00c4SITTELYTOIMISTA (REKISTERISELOSTE) Tietosuoja-asetus 30 \u00a7; (EU) 2016\/679<\/h1><div class=\"title-sep-container\"><div class=\"title-sep sep-double sep-solid\" style=\"border-color:#e0dede;\"><\/div><\/div><\/div><div class=\"fusion-text\"><h2><span style=\"color: #00a0d2;\"><strong>1 Rekisterien nimi<\/strong><\/span><\/h2>\n<p><strong>a) Yhdistyksen j\u00e4senten s\u00e4hk\u00f6postiyhteystiedot<\/strong><br \/>\n<strong>b) Yhdistyksen j\u00e4senten j\u00e4senrekisteri<\/strong><br \/>\n<strong>c) Yhdistyksen tapahtumiin ilmoittautumisen rekisteri<\/strong><\/p>\n<h2><span style=\"color: #00a0d2;\"><strong>2 Rekisterinpit\u00e4j\u00e4t<\/strong><\/span><\/h2>\n<h3><strong>a) Raideliikenteen insin\u00f6\u00f6rit ja ylemm\u00e4t toimihenkil\u00f6t VRI ry<\/strong><\/h3>\n<div class=\"table-1\">\n<table style=\"height: 60px;\" width=\"100%\">\n<tbody>\n<tr>\n<td align=\"left\">Y-tunnus:<\/td>\n<td align=\"left\">0222667-9<\/td>\n<\/tr>\n<tr>\n<td align=\"left\">Yhdistysrekisterin rekisterinumero:<\/td>\n<td align=\"left\">68.967<\/td>\n<\/tr>\n<tr>\n<td align=\"left\">Kotipaikka:<\/td>\n<td align=\"left\">Helsinki<\/td>\n<\/tr>\n<tr>\n<td align=\"left\">Rekister\u00f6intip\u00e4iv\u00e4:<\/td>\n<td align=\"left\">01.03.1956<\/td>\n<\/tr>\n<\/tbody>\n<\/table>\n<\/div>\n<h3><strong>b) Insin\u00f6\u00f6riliitto IL ry<\/strong><\/h3>\n<div class=\"table-1\">\n<table style=\"height: 60px;\" width=\"100%\">\n<tbody>\n<tr>\n<td align=\"left\">Y-tunnus:<\/td>\n<td align=\"left\">0201364-9<\/td>\n<\/tr>\n<tr>\n<td align=\"left\">Yhdistysrekisterin rekisterinumero:<\/td>\n<td align=\"left\">196.203<\/td>\n<\/tr>\n<tr>\n<td align=\"left\">Kotipaikka:<\/td>\n<td align=\"left\">Helsinki<\/td>\n<\/tr>\n<tr>\n<td align=\"left\">Rekister\u00f6intip\u00e4iv\u00e4:<\/td>\n<td align=\"left\">20.04.2007<\/td>\n<\/tr>\n<\/tbody>\n<\/table>\n<\/div>\n<h3><strong>c) Raideliikenteen insin\u00f6\u00f6rit ja ylemm\u00e4t toimihenkil\u00f6t VRI ry<\/strong><\/h3>\n<div class=\"table-1\">\n<table style=\"height: 60px;\" width=\"100%\">\n<tbody>\n<tr>\n<td align=\"left\">Y-tunnus:<\/td>\n<td align=\"left\">0222667-9<\/td>\n<\/tr>\n<tr>\n<td align=\"left\">Yhdistysrekisterin rekisterinumero:<\/td>\n<td align=\"left\">68.967<\/td>\n<\/tr>\n<tr>\n<td align=\"left\">Kotipaikka:<\/td>\n<td align=\"left\">Helsinki<\/td>\n<\/tr>\n<tr>\n<td align=\"left\">Rekister\u00f6intip\u00e4iv\u00e4:<\/td>\n<td align=\"left\">01.03.1956<\/td>\n<\/tr>\n<\/tbody>\n<\/table>\n<\/div>\n<h2><\/h2>\n<h2><span style=\"color: #00a0d2;\"><strong>3 Yhteyshenkil\u00f6t rekisterej\u00e4 koskevissa asioissa<\/strong><\/span><\/h2>\n<p>a) <!-- Yhdistyksen sihteeri Aki H\u00e4rk\u00f6nen, <a href=\"mailto:aki.harkonen@vayla.fi\">aki.harkonen@vayla.fi<\/a>, puh. 0295 34 3885 --> Yhdistyksen tauloudenhoitaja Erkki Ryyn\u00e4nen <a href=\"mailto:ryynaer@gmail.com\">ryynaer@gmail.com<\/a>, puh. 040 078 8646<\/p>\n<p>b) <a href=\"https:\/\/www.ilry.fi\/sites\/default\/files\/insinooriliiton_jasenrekisterin_tietosuojaseloste.pdf\">Insin\u00f6\u00f6riliiton j\u00e4senrekisterin tietosuojaseloste.<\/a><\/p>\n<p>c)&nbsp;<!-- Yhdistyksen sihteeri Aki H\u00e4rk\u00f6nen, <a href=\"mailto:aki.harkonen@vayla.fi\">aki.harkonen@vayla.fi<\/a>, puh. 0295 34 3885 --> Yhdistyksen tauloudenhoitaja Erkki Ryyn\u00e4nen <a href=\"mailto:ryynaer@gmail.com\">ryynaer@gmail.com<\/a>, puh. 040 078 8646<\/p>\n<h2><span style=\"color: #00a0d2;\"><strong>4 Henkil\u00f6tietojen k\u00e4sittelyn tarkoitus<\/strong><\/span><\/h2>\n<p>a) Yhteydenpito j\u00e4senist\u00f6\u00f6n s\u00e4hk\u00f6postitse.<\/p>\n<p>b)&nbsp;J\u00e4senet yksil\u00f6ivien tietojen, j\u00e4senmaksutietojen yms. j\u00e4sentietojen yll\u00e4pito.<\/p>\n<p>c)&nbsp;Tapahtumiin liittyvien ilmoittautumisten ker\u00e4\u00e4minen, ketk\u00e4 osallistuvat, ketk\u00e4 ovat maksaneet jne.<\/p>\n<p>Insin\u00f6\u00f6riliitto IL ry:n j\u00e4senj\u00e4rjest\u00f6t ja niiden j\u00e4senj\u00e4rjest\u00f6t ja niiden j\u00e4senyhdistykset (kuten Raideliikenteen insin\u00f6\u00f6rit ja ylemm\u00e4t toimihenkil\u00f6t VRI ry) ovat antaneet yhdistyslain mukaisen j\u00e4senluettelon Insin\u00f6\u00f6riliiton yll\u00e4pidett\u00e4v\u00e4ksi. Insin\u00f6\u00f6riliiton yll\u00e4pit\u00e4m\u00e4n j\u00e4senj\u00e4rjest\u00f6jen ja niiden j\u00e4senyhdistysten j\u00e4senten henkil\u00f6rekisterin (j\u00e4sentietoj\u00e4rjestelm\u00e4n) tarkoituksena on my\u00f6s v\u00e4litt\u00e4\u00e4 j\u00e4senetuja ja -palveluja ko. j\u00e4rjest\u00f6jen henkil\u00f6j\u00e4senille sek\u00e4 huolehtia j\u00e4senmaksujen perinn\u00e4st\u00e4 henkil\u00f6j\u00e4senilt\u00e4 ja tukea koulutuksellista, ammatillista ja ty\u00f6markkinallista edunvalvontaa.<\/p>\n<h2><span style=\"color: #00a0d2;\"><strong>5 Rekisterien tietosis\u00e4lt\u00f6<\/strong><\/span><\/h2>\n<p>a) J\u00e4senten s\u00e4hk\u00f6postiosoite.<\/p>\n<p>b) <a href=\"https:\/\/www.ilry.fi\/sites\/default\/files\/insinooriliiton_jasenrekisterin_tietosuojaseloste.pdf\">Insin\u00f6\u00f6riliiton j\u00e4senrekisterin tietosuojaseloste.<\/a><\/p>\n<p>c) Ilmoittautujan nimi, s\u00e4hk\u00f6postiosoite, muut ilmoittautumiseen tarvittavat tiedot ja ilmoittautumismaksun maksutilanne.<\/p>\n<h2><span style=\"color: #00a0d2;\"><strong>6 S\u00e4\u00e4nn\u00f6nmukaiset tietol\u00e4hteet<\/strong><\/span><\/h2>\n<p>a)&nbsp;Tiedot saadaan j\u00e4senelt\u00e4 itselt\u00e4\u00e4n. Mik\u00e4li jo tunnetun s\u00e4hk\u00f6postiosoitteen loppuosa, sen domainnimi muuttuu j\u00e4senen ty\u00f6nantajayrityksen nimenmuutoksen johdosta, voidaan se muuttaa ilman ett\u00e4 tieto saadaan suoraan j\u00e4senelt\u00e4.<\/p>\n<p>b) <a href=\"https:\/\/www.ilry.fi\/sites\/default\/files\/insinooriliiton_jasenrekisterin_tietosuojaseloste.pdf\">Insin\u00f6\u00f6riliiton j\u00e4senrekisterin tietosuojaseloste.<\/a><\/p>\n<p>c) Tiedot saadaan ilmoittautujalta itselt\u00e4\u00e4n.<\/p>\n<h2><span style=\"color: #00a0d2;\"><strong>7 Tietojen s\u00e4\u00e4nn\u00f6nmukaiset luovutukset<\/strong><\/span><\/h2>\n<p>a) Tietoja ei luovuteta kolmansille osapuolille.<\/p>\n<p>b) <a href=\"https:\/\/www.ilry.fi\/sites\/default\/files\/insinooriliiton_jasenrekisterin_tietosuojaseloste.pdf\">Insin\u00f6\u00f6riliiton j\u00e4senrekisterin tietosuojaseloste.<\/a><\/p>\n<p>c)&nbsp;Tietoja ei luovuteta kolmansille osapuolille, paitsi jos ne on luovutettava lento- tai laivalippujen varaamistarkoituksessa tms. j\u00e4rjestett\u00e4v\u00e4\u00e4n tapahtumaan suoranaisesti liittyv\u00e4\u00e4n tarkoitukseen.<\/p>\n<h2><span style=\"color: #00a0d2;\"><strong>8 Tietojen siirto EU:n tai ETA:n ulkopuolelle<\/strong><\/span><\/h2>\n<p>Tietoja ei luovuteta Euroopan unionin tai Euroopan talousalueen ulkopuolelle.<\/p>\n<h2><span style=\"color: #00a0d2;\"><strong>9 Rekisterin suojauksen periaatteet<\/strong><\/span><\/h2>\n<p>a) P\u00e4\u00e4sy s\u00e4hk\u00f6postiosoitteisiin on tietoteknisesti suojattu.<\/p>\n<p>b) <a href=\"https:\/\/www.ilry.fi\/sites\/default\/files\/insinooriliiton_jasenrekisterin_tietosuojaseloste.pdf\">Insin\u00f6\u00f6riliiton j\u00e4senrekisterin tietosuojaseloste.<\/a><\/p>\n<p>c)&nbsp;P\u00e4\u00e4sy tietoihin on tietoteknisesti suojattu.<\/p>\n<h2><span style=\"color: #00a0d2;\"><strong>10 Tarkastusoikeus<\/strong><\/span><\/h2>\n<p>P\u00e4\u00e4s\u00e4\u00e4nt\u00f6isesti jokaisella j\u00e4senell\u00e4 on oikeus tarkastaa henkil\u00f6rekisteriin h\u00e4nest\u00e4 tallennetut tiedot, pyynn\u00f6st\u00e4 tiedot annetaan kirjallisesti. IL:n j\u00e4senn\u00e4kym\u00e4n kautta j\u00e4sen itse p\u00e4\u00e4see tarkastamaan h\u00e4nest\u00e4 rekister\u00f6idyt perustiedot. J\u00e4senen tulee esitt\u00e4\u00e4 tarkastuspyynt\u00f6 suoraan rekisterinpit\u00e4j\u00e4lle. Halutessaan j\u00e4sen voi k\u00e4ytt\u00e4\u00e4 tietosuojavaltuutetun toimiston laatimaa mallilomaketta.<\/p>\n<h2><span style=\"color: #00a0d2;\"><strong>11 Oikeus vaatia tiedon korjaamista<\/strong><\/span><\/h2>\n<p>J\u00e4sentietorekisteriss\u00e4 olevan virheellisen tiedon korjausta j\u00e4sen voi pyyt\u00e4\u00e4 kirjallisesti. J\u00e4sen p\u00e4\u00e4see my\u00f6s itse j\u00e4senn\u00e4kym\u00e4n kautta korjaamaan virheellisi\u00e4 perustietoja.<\/p>\n<h2><span style=\"color: #00a0d2;\"><strong>12 Muut henkil\u00f6tietojen k\u00e4sittelyyn liittyv\u00e4t oikeudet<\/strong><\/span><\/h2>\n<p>a)&nbsp;J\u00e4sen voi pyyt\u00e4\u00e4 h\u00e4nen s\u00e4hk\u00f6postiosoitteensa poistamista s\u00e4hk\u00f6postijakelusta, mutta h\u00e4nelle ei t\u00e4ll\u00f6in toimiteta s\u00e4hk\u00f6postitse toimitettavia tietoja mill\u00e4\u00e4n muulla tavoin.<\/p>\n<p>b)&nbsp;Rekister\u00f6idyll\u00e4 on oikeus kielt\u00e4\u00e4 rekisterinpit\u00e4j\u00e4\u00e4 k\u00e4sittelem\u00e4st\u00e4 h\u00e4nt\u00e4 itse\u00e4\u00e4n koskevia tietoja suoramainontaa, et\u00e4myynti\u00e4 ja muuta suoramarkkinointia sek\u00e4 markkina- ja mielipidetutkimusta samoin kuin henkil\u00f6matrikkelia ja sukutukimusta varten. Rekister\u00f6idyn on em. kiellon voimaan saattamiseksi ilmoitettava rajoituksesta kirjallisesti Insin\u00f6\u00f6riliiton asiakaspalveluun tai j\u00e4senn\u00e4kym\u00e4n kautta itse merkit\u00e4 kielto voimaan.<\/p>\n<p>c)&nbsp;J\u00e4sen voi pyyt\u00e4\u00e4 h\u00e4nen tietojensa poistamista tapahtuman osallistujalistasta.<\/p>\n<h2><span style=\"color: #00a0d2;\"><strong>13 T\u00e4m\u00e4n tekstin tekij\u00e4noikeuksista<\/strong><\/span><\/h2>\n<p>T\u00e4m\u00e4n tekstin tekij\u00e4noikeudet kuuluvat Insin\u00f6\u00f6riliitto IL ry:lle ja Raideliikenteen insin\u00f6\u00f6rit ja ylemm\u00e4t toimihenkil\u00f6t VRI ry, eik\u00e4 yksitt\u00e4isill\u00e4 henkil\u00f6ill\u00e4, jotka ovat koonneet n\u00e4m\u00e4 tiedot tai julkaisseet ne yhdistyksen internet-sivuilla ole mit\u00e4\u00e4n tekij\u00e4noikeuksia n\u00e4ihin tietoihin. T\u00e4llaiset henkil\u00f6t eiv\u00e4t lopetettuaan aktiivitoiminnan yhdistyksess\u00e4 tai yhdistyksest\u00e4 erottuaan voi vaatia tekij\u00e4noikeuksia n\u00e4ihin tietoihin.<\/p>\n<\/div><div class=\"fusion-sep-clear\"><\/div><div class=\"fusion-separator fusion-full-width-sep sep-double\" style=\"border-color:#03a9f4;border-top-width:1px;border-bottom-width:1px;margin-left: auto;margin-right: auto;margin-top:25px;\"><\/div><div class=\"fusion-clearfix\"><\/div>\n\n\t\t\t\t\t<\/div>\n\t\t\t\t<\/div><\/div><\/div>\n","protected":false},"excerpt":{"rendered":"","protected":false},"author":1,"featured_media":0,"parent":11911,"menu_order":0,"comment_status":"closed","ping_status":"closed","template":"side-navigation.php","meta":{"footnotes":""},"class_list":["post-12264","page","type-page","status-publish","hentry"],"_links":{"self":[{"href":"https:\/\/www.vri.fi\/vriry\/wp-json\/wp\/v2\/pages\/12264","targetHints":{"allow":["GET"]}}],"collection":[{"href":"https:\/\/www.vri.fi\/vriry\/wp-json\/wp\/v2\/pages"}],"about":[{"href":"https:\/\/www.vri.fi\/vriry\/wp-json\/wp\/v2\/types\/page"}],"author":[{"embeddable":true,"href":"https:\/\/www.vri.fi\/vriry\/wp-json\/wp\/v2\/users\/1"}],"replies":[{"embeddable":true,"href":"https:\/\/www.vri.fi\/vriry\/wp-json\/wp\/v2\/comments?post=12264"}],"version-history":[{"count":0,"href":"https:\/\/www.vri.fi\/vriry\/wp-json\/wp\/v2\/pages\/12264\/revisions"}],"up":[{"embeddable":true,"href":"https:\/\/www.vri.fi\/vriry\/wp-json\/wp\/v2\/pages\/11911"}],"wp:attachment":[{"href":"https:\/\/www.vri.fi\/vriry\/wp-json\/wp\/v2\/media?parent=12264"}],"curies":[{"name":"wp","href":"https:\/\/api.w.org\/{rel}","templated":true}]}}