{"id":12277,"date":"2018-08-23T22:28:09","date_gmt":"2018-08-23T19:28:09","guid":{"rendered":"https:\/\/www.vri.fi\/vriry\/?page_id=12277"},"modified":"2018-11-14T19:43:51","modified_gmt":"2018-11-14T16:43:51","slug":"cookies","status":"publish","type":"page","link":"https:\/\/www.vri.fi\/vriry\/vri-2\/gdpr\/cookies\/","title":{"rendered":"Ev\u00e4steet"},"content":{"rendered":"<div class=\"fusion-fullwidth fullwidth-box fusion-builder-row-1 hundred-percent-fullwidth non-hundred-percent-height-scrolling\"  style='background-color: #ffffff;background-position: center center;background-repeat: no-repeat;padding-top:0px;padding-right:0px;padding-bottom:0px;padding-left:0px;'><div class=\"fusion-builder-row fusion-row \"><div  class=\"fusion-layout-column fusion_builder_column fusion_builder_column_1_1 fusion-builder-column-1 fusion-one-full fusion-column-first fusion-column-last fusion-column-no-min-height 1_1\"  style='margin-top:0px;margin-bottom:0px;'>\n\t\t\t\t\t<div class=\"fusion-column-wrapper\" style=\"padding: 0px 0px 0px 0px;background-position:left top;background-repeat:no-repeat;-webkit-background-size:cover;-moz-background-size:cover;-o-background-size:cover;background-size:cover;\"   data-bg-url=\"\">\n\t\t\t\t\t\t<style type=\"text\/css\"><\/style><div class=\"fusion-title title fusion-title-1 fusion-title-text fusion-title-size-two\" style=\"margin-top:0px;margin-bottom:30px;\"><h2 class=\"title-heading-left\" style=\"margin:0;\">Ev\u00e4steet<\/h2><div class=\"title-sep-container\"><div class=\"title-sep sep-double sep-solid\" style=\"border-color:#e0dede;\"><\/div><\/div><\/div><div class=\"fusion-text\"><h3>Ev\u00e4ste, mik\u00e4 se on ja mihin sit\u00e4 k\u00e4ytet\u00e4\u00e4n?<\/h3>\n<p>Ev\u00e4steet (cookies) ovat k\u00e4ytt\u00e4j\u00e4n omalle tietokoneelle tallennettavia pieni\u00e4 tekstitiedostoja. Ev\u00e4steit\u00e4 k\u00e4ytet\u00e4\u00e4n esimerkiksi silloin, kun k\u00e4ytt\u00e4j\u00e4n tietoja halutaan s\u00e4ilytt\u00e4\u00e4 paremman k\u00e4ytt\u00f6kokemuksen takaamiseksi t\u00e4m\u00e4n siirtyess\u00e4 sivuston alasivulta toiselle. Ev\u00e4steit\u00e4 k\u00e4ytet\u00e4\u00e4n my\u00f6s esimerkiksi verkkosivuston k\u00e4ytt\u00e4j\u00e4tilastojen ker\u00e4\u00e4miseksi. Voit halutessasi poistaa ev\u00e4steet k\u00e4yt\u00f6st\u00e4 selaimen asetuksista.\u00a0Verkkosivusto ker\u00e4\u00e4 tilastoa sill\u00e4 vierailevista k\u00e4ytt\u00e4jist\u00e4 ja k\u00e4ytt\u00e4\u00e4 Googlen tarjoamia fontteja, n\u00e4ihin tarvitaan ev\u00e4steit\u00e4.\u00a0Ev\u00e4steiden avulla t\u00e4m\u00e4 verkkosivusto tallentaa my\u00f6s tiedon siit\u00e4, ett\u00e4 k\u00e4ytt\u00e4j\u00e4 on hyv\u00e4ksynyt sivuston ev\u00e4steilmoituksen.<\/p>\n<h3>Sosiaaliset laajennukset<\/h3>\n<p>Sivustolla on linkkej\u00e4 ja yhteyksi\u00e4 kolmannen osapuolen verkkosivustoihin sek\u00e4 nk. sosiaalisia laajennuksia (esim. Twitterin yhteis\u00f6liit\u00e4nn\u00e4isi\u00e4).\u00a0Sivustoilla olevat kolmannen osapuolen yll\u00e4pit\u00e4m\u00e4t liit\u00e4nn\u00e4iset latautuvat n\u00e4iden palveluiden omilta palvelimilta.<\/p>\n<p>Lis\u00e4tietoa yhteis\u00f6palveluiden tietosuojasta:<\/p>\n<p><a href=\"https:\/\/policies.google.com\/privacy\">Googlen tietosuoja ja k\u00e4ytt\u00f6ehdot<\/a><\/p>\n<p><a href=\"https:\/\/twitter.com\/en\/privacy\">Twitter<\/a><\/p>\n<p>Sivustollamme oleviin kolmannen osapuolen tarjoamiin palveluihin tai kolmannen osapuolen v\u00e4litt\u00e4miin sovelluksiin sovelletaan kyseisen kolmannen osapuolen k\u00e4ytt\u00f6- ja muita ehtoja.<\/p>\n<\/div><div class=\"fusion-sep-clear\"><\/div><div class=\"fusion-separator fusion-full-width-sep sep-double sep-solid\" style=\"border-color:#03a9f4;border-top-width:1px;border-bottom-width:1px;margin-left: auto;margin-right: auto;margin-top:;\"><\/div><div class=\"fusion-clearfix\"><\/div>\n\n\t\t\t\t\t<\/div>\n\t\t\t\t<\/div><div  class=\"fusion-layout-column fusion_builder_column fusion_builder_column_1_1 fusion-builder-column-2 fusion-one-full fusion-column-first fusion-column-last fusion-column-no-min-height 1_1\"  style='margin-top:0px;margin-bottom:0px;'>\n\t\t\t\t\t<div class=\"fusion-column-wrapper\" style=\"padding: 0px 0px 0px 0px;background-position:left top;background-repeat:no-repeat;-webkit-background-size:cover;-moz-background-size:cover;-o-background-size:cover;background-size:cover;\"   data-bg-url=\"\">\n\t\t\t\t\t\t<div class=\"fusion-clearfix\"><\/div>\n\n\t\t\t\t\t<\/div>\n\t\t\t\t<\/div><\/div><\/div>\n","protected":false},"excerpt":{"rendered":"","protected":false},"author":1,"featured_media":0,"parent":12264,"menu_order":0,"comment_status":"closed","ping_status":"closed","template":"side-navigation.php","meta":{"footnotes":""},"class_list":["post-12277","page","type-page","status-publish","hentry"],"_links":{"self":[{"href":"https:\/\/www.vri.fi\/vriry\/wp-json\/wp\/v2\/pages\/12277","targetHints":{"allow":["GET"]}}],"collection":[{"href":"https:\/\/www.vri.fi\/vriry\/wp-json\/wp\/v2\/pages"}],"about":[{"href":"https:\/\/www.vri.fi\/vriry\/wp-json\/wp\/v2\/types\/page"}],"author":[{"embeddable":true,"href":"https:\/\/www.vri.fi\/vriry\/wp-json\/wp\/v2\/users\/1"}],"replies":[{"embeddable":true,"href":"https:\/\/www.vri.fi\/vriry\/wp-json\/wp\/v2\/comments?post=12277"}],"version-history":[{"count":0,"href":"https:\/\/www.vri.fi\/vriry\/wp-json\/wp\/v2\/pages\/12277\/revisions"}],"up":[{"embeddable":true,"href":"https:\/\/www.vri.fi\/vriry\/wp-json\/wp\/v2\/pages\/12264"}],"wp:attachment":[{"href":"https:\/\/www.vri.fi\/vriry\/wp-json\/wp\/v2\/media?parent=12277"}],"curies":[{"name":"wp","href":"https:\/\/api.w.org\/{rel}","templated":true}]}}