{"id":3494,"date":"2013-04-04T15:17:53","date_gmt":"2013-04-04T15:17:53","guid":{"rendered":"http:\/\/avada.theme-fusion.comxml\/?page_id=3494"},"modified":"2026-03-15T20:04:52","modified_gmt":"2026-03-15T17:04:52","slug":"etusivu","status":"publish","type":"page","link":"https:\/\/www.vri.fi\/vriry\/","title":{"rendered":"ETUSIVU"},"content":{"rendered":"<p><div class=\"fusion-fullwidth fullwidth-box fusion-builder-row-1 fusion-parallax-fixed nonhundred-percent-fullwidth non-hundred-percent-height-scrolling\"  style='background-color: #ffffff;background-image: url(\"https:\/\/www.vri.fi\/vriry\/wp-content\/uploads\/2014\/06\/bkgd_bw2.jpg\");background-position: center center;background-repeat: no-repeat;padding-top:0px;padding-right:0px;padding-bottom:0px;padding-left:0px;-webkit-background-size:cover;-moz-background-size:cover;-o-background-size:cover;background-size:cover;background-attachment:fixed;'><div class=\"fusion-builder-row fusion-row \"><div  class=\"fusion-layout-column fusion_builder_column fusion_builder_column_3_4 fusion-builder-column-1 fusion-three-fourth fusion-column-first 3_4\"  style='margin-top:0px;margin-bottom:20px;width:75%;width:calc(75% - ( ( 4% ) * 0.75 ) );margin-right: 4%;'>\n\t\t\t\t\t<div class=\"fusion-column-wrapper\" style=\"padding: 35px 0px 0px 0px;background-position:left top;background-repeat:no-repeat;-webkit-background-size:cover;-moz-background-size:cover;-o-background-size:cover;background-size:cover;\"   data-bg-url=\"\">\n\t\t\t\t\t\t<div class=\"imageframe-align-center\"><span class=\"fusion-imageframe imageframe-none imageframe-1 hover-type-none\"><img loading=\"lazy\" decoding=\"async\" src=\"https:\/\/www.vri.fi\/vriry\/wp-content\/uploads\/2018\/08\/0019F226-3D69-4256-BD68-20F6E40D8C2E-800x450.jpeg\" width=\"800\" height=\"450\" alt=\"\" title=\"0019F226-3D69-4256-BD68-20F6E40D8C2E\" class=\"img-responsive wp-image-12294\" srcset=\"https:\/\/www.vri.fi\/vriry\/wp-content\/uploads\/2018\/08\/0019F226-3D69-4256-BD68-20F6E40D8C2E-200x112.jpeg 200w, https:\/\/www.vri.fi\/vriry\/wp-content\/uploads\/2018\/08\/0019F226-3D69-4256-BD68-20F6E40D8C2E-400x225.jpeg 400w, https:\/\/www.vri.fi\/vriry\/wp-content\/uploads\/2018\/08\/0019F226-3D69-4256-BD68-20F6E40D8C2E-600x337.jpeg 600w, https:\/\/www.vri.fi\/vriry\/wp-content\/uploads\/2018\/08\/0019F226-3D69-4256-BD68-20F6E40D8C2E-800x450.jpeg 800w, https:\/\/www.vri.fi\/vriry\/wp-content\/uploads\/2018\/08\/0019F226-3D69-4256-BD68-20F6E40D8C2E-1200x675.jpeg 1200w\" sizes=\"auto, (max-width: 800px) 100vw, 800px\" \/><\/span><\/div><div class=\"fusion-sep-clear\"><\/div><div class=\"fusion-separator fusion-full-width-sep sep-none\" style=\"margin-left: auto;margin-right: auto;margin-top:40px;\"><\/div><style type=\"text\/css\"><\/style><div class=\"fusion-title title fusion-title-1 fusion-title-text fusion-title-size-two\" style=\"margin-top:0px;margin-bottom:30px;\"><h2 class=\"title-heading-left\" style=\"margin:0;\">Raideliikenteen insin\u00f6\u00f6rit ja ylemm\u00e4t toimihenkil\u00f6t VRI ry<\/h2><div class=\"title-sep-container\"><div class=\"title-sep sep-single sep-solid\" style=\"border-color:rgba(000,000,000,.3);\"><\/div><\/div><\/div><div class=\"fusion-text\"><p><span class=\"s4\">VRI ry on vuonna 1956 <\/span><span class=\"s4\">Valtionrautateill\u00e4 <\/span><span class=\"s4\">perustettu rautatiealalla toimivien insin\u00f6\u00f6rien yhdistys, jonka j\u00e4senet kuuluvat <\/span><span class=\"s4\">I<\/span><span class=\"s4\">nsin\u00f6\u00f6riliitto<\/span><span class=\"s4\"> IL ry:n liitto<\/span><span class=\"s4\">yhteis\u00f6\u00f6n alueyhdistyksen kautta. <\/span><span class=\"s4\">VRI:n<\/span><span class=\"s4\"> j\u00e4senet toimivat useissa rautatiealan yrityksiss\u00e4 ja virastoissa<\/span><span class=\"s4\"> mm. <\/span><span class=\"s4\">rataverkon ja kaluston yll\u00e4pidossa, konsultoinnissa, rataverkon hallinnossa ja turvallisuusalalla.<\/span>\u00a0<a href=\"\u201d\/vri-2\/\u201d\">&lt;&lt; Lue lis\u00e4\u00e4. &gt;&gt;<\/a><\/p>\n<\/div><div class=\"fusion-clearfix\"><\/div>\n\n\t\t\t\t\t<\/div>\n\t\t\t\t<\/div><div  class=\"fusion-layout-column fusion_builder_column fusion_builder_column_1_4 fusion-builder-column-2 fusion-one-fourth fusion-column-last 1_4\"  style='margin-top:0px;margin-bottom:20px;width:25%;width:calc(25% - ( ( 4% ) * 0.25 ) );'>\n\t\t\t\t\t<div class=\"fusion-column-wrapper\" style=\"padding: 35px 0px 0px 0px;background-position:left top;background-repeat:no-repeat;-webkit-background-size:cover;-moz-background-size:cover;-o-background-size:cover;background-size:cover;\"   data-bg-url=\"\">\n\t\t\t\t\t\t<div class=\"fusion-widget-area fusion-widget-area-1 fusion-content-widget-area\"><style type=\"text\/css\">.fusion-widget-area-1 {padding:0px 0px 0px 0px;}.fusion-widget-area-1 .widget h4 {color:#333333;}.fusion-widget-area-1 .widget .heading h4 {color:#333333;}.fusion-widget-area-1 .widget h4 {font-size:14px;}.fusion-widget-area-1 .widget .heading h4 {font-size:14px;}<\/style><div id=\"twitter-timeline-profile-5\" class=\"widget widget_twitter-timeline-profile\"><div class=\"twitter-timeline-profile\"><a class=\"twitter-timeline\" data-lang=\"fi\" data-tweet-limit=\"1\" data-chrome=\"noheader nofooter noborders transparent\" href=\"https:\/\/twitter.com\/VRIry1956?ref_src=twsrc%5Etfw\">Tweets by VRIry1956<\/a><\/div><\/div><style type=\"text\/css\" data-id=\"twitter-follow-3\">@media (max-width: 800px){#twitter-follow-3{text-align:initial !important;}}<\/style><div id=\"twitter-follow-3\" class=\"fusion-widget-mobile-align-initial fusion-widget-align-center widget widget_twitter-follow\" style=\"text-align: center;\"><div class=\"twitter-follow\"><a href=\"https:\/\/twitter.com\/intent\/follow?screen_name=VRIry1956\" class=\"twitter-follow-button\" data-show-count=\"false\">Seuraa k\u00e4ytt\u00e4j\u00e4\u00e4 @VRIry1956<\/a><\/div><\/div><div class=\"fusion-additional-widget-content\"><\/div><\/div><div class=\"fusion-clearfix\"><\/div>\n\n\t\t\t\t\t<\/div>\n\t\t\t\t<\/div><\/div><\/div><div class=\"fusion-fullwidth fullwidth-box fusion-builder-row-2 hundred-percent-fullwidth non-hundred-percent-height-scrolling\"  style='background-color: #ffffff;background-position: center center;background-repeat: no-repeat;padding-top:0px;padding-right:25px;padding-bottom:0px;padding-left:25px;margin-top: -25px;'><div class=\"fusion-builder-row fusion-row \"><div  class=\"fusion-layout-column fusion_builder_column fusion_builder_column_1_1 fusion-builder-column-3 fusion-one-full fusion-column-first fusion-column-last fusion-column-no-min-height 1_1\"  style='margin-top:0px;margin-bottom:0px;'>\n\t\t\t\t\t<div class=\"fusion-column-wrapper\" style=\"padding: 0px 0px 0px 0px;background-position:left top;background-repeat:no-repeat;-webkit-background-size:cover;-moz-background-size:cover;-o-background-size:cover;background-size:cover;\"   data-bg-url=\"\">\n\t\t\t\t\t\t<div class=\"fusion-text\"><h2>\u00a0<\/h2>\n<h2>\u00a0<\/h2>\n<h2 style=\"text-align: center;\"><strong>Vuosikokous pidet\u00e4\u00e4n 18.4.2026 Tikkurilassa<\/strong><\/h2>\n<p>\u00a0<\/p>\n<p>\u00a0<\/p>\n<p>\u00a0<\/p>\n<p>\u00a0<\/p>\n<\/div><div class=\"fusion-text\"><\/div><div class=\"fusion-text\"><blockquote>\n<h3 style=\"text-align: left;\"><span style=\"color: #000000;\"><strong>Ovatko yhteystietosi muuttuneet?<\/strong><\/span><\/h3>\n<h4><strong>Ajantasaiset yhteystiedot ovat t\u00e4rke\u00e4 tieto yhdistyksellemme. <\/strong><\/h4>\n<h3><strong>VRI:lle osoitteenmuutokset tehd\u00e4\u00e4n osoitteeseen<\/strong><\/h3>\n<h1><strong>jasentiedot@vri.fi\u00a0<\/strong><\/h1>\n<h2><strong>Kiitos yhteisty\u00f6st\u00e4.<\/strong><\/h2>\n<\/blockquote>\n<\/div><div class=\"fusion-clearfix\"><\/div>\n\n\t\t\t\t\t<\/div>\n\t\t\t\t<\/div><\/div><\/div><div class=\"fusion-fullwidth fullwidth-box fusion-builder-row-3 nonhundred-percent-fullwidth non-hundred-percent-height-scrolling\"  style='background-color: #ffffff;background-position: left top;background-repeat: no-repeat;padding-top:0px;padding-right:0px;padding-bottom:0px;padding-left:0px;border-top-width:0px;border-bottom-width:0px;border-color:#eae9e9;border-top-style:solid;border-bottom-style:solid;'><div class=\"fusion-builder-row fusion-row \"><div  class=\"fusion-layout-column fusion_builder_column fusion_builder_column_1_3 fusion-builder-column-4 fusion-one-third fusion-column-first 1_3\"  style='margin-top:0px;margin-bottom:20px;width:30.6666%; margin-right: 4%;'>\n\t\t\t\t\t<div class=\"fusion-column-wrapper\" style=\"padding: 0px 0px 0px 0px;background-position:left top;background-repeat:no-repeat;-webkit-background-size:cover;-moz-background-size:cover;-o-background-size:cover;background-size:cover;\"   data-bg-url=\"\">\n\t\t\t\t\t\t<style type=\"text\/css\"><\/style><div class=\"fusion-title title fusion-title-2 fusion-title-text fusion-title-size-two\" style=\"margin-top:0px;margin-bottom:30px;\"><h2 class=\"title-heading-left\" style=\"margin:0;\">J\u00e4senetuja<\/h2><div class=\"title-sep-container\"><div class=\"title-sep sep-double sep-solid\" style=\"border-color:#e0dede;\"><\/div><\/div><\/div><div class=\"fusion-tabs fusion-tabs-1 classic horizontal-tabs icon-position-left\"><style type=\"text\/css\">.fusion-tabs.fusion-tabs-1 .nav-tabs li a.tab-link{border-top-color:#f1f2f2;background-color:#f1f2f2;}.fusion-tabs.fusion-tabs-1 .nav-tabs{background-color:#ffffff;}.fusion-tabs.fusion-tabs-1 .nav-tabs li.active a.tab-link,.fusion-tabs.fusion-tabs-1 .nav-tabs li.active a.tab-link:hover,.fusion-tabs.fusion-tabs-1 .nav-tabs li.active a.tab-link:focus{border-right-color:#ffffff;}.fusion-tabs.fusion-tabs-1 .nav-tabs li.active a.tab-link,.fusion-tabs.fusion-tabs-1 .nav-tabs li.active a.tab-link:hover,.fusion-tabs.fusion-tabs-1 .nav-tabs li.active a.tab-link:focus{background-color:#ffffff;}.fusion-tabs.fusion-tabs-1 .nav-tabs li a:hover{background-color:#ffffff;border-top-color:#ffffff;}.fusion-tabs.fusion-tabs-1 .tab-pane{background-color:#ffffff;}.fusion-tabs.fusion-tabs-1 .nav,.fusion-tabs.fusion-tabs-1 .nav-tabs,.fusion-tabs.fusion-tabs-1 .tab-content .tab-pane{border-color:#ebeaea;}<\/style><div class=\"nav\"><ul class=\"nav-tabs nav-justified\"><li class=\"active\"><a class=\"tab-link\" data-toggle=\"tab\" id=\"fusion-tab-m\u00f6kkilevill\u00e4\" href=\"#tab-39a7f6e8a534439931e\"><h4 class=\"fusion-tab-heading\">M\u00f6kki Levill\u00e4<\/h4><\/a><\/li><li><a class=\"tab-link\" data-toggle=\"tab\" id=\"fusion-tab-asuntop\u00e4rnussa\" href=\"#tab-1b71e2f2ee900c961b7\"><h4 class=\"fusion-tab-heading\">Asunto P\u00e4rnussa<\/h4><\/a><\/li><\/ul><\/div><div class=\"tab-content\"><div class=\"nav fusion-mobile-tab-nav\"><ul class=\"nav-tabs nav-justified\"><li class=\"active\"><a class=\"tab-link\" data-toggle=\"tab\" id=\"mobile-fusion-tab-m\u00f6kkilevill\u00e4\" href=\"#tab-39a7f6e8a534439931e\"><h4 class=\"fusion-tab-heading\">M\u00f6kki Levill\u00e4<\/h4><\/a><\/li><\/ul><\/div><div class=\"tab-pane fade fusion-clearfix in active\" id=\"tab-39a7f6e8a534439931e\">\n<i class=\"fontawesome-icon fa fa-tree circle-yes\" style=\"border-color:#a0cf4f;background-color:#ffffff;font-size:35.2px;line-height:70.4px;height:70.4px;width:70.4px;margin-right:20px;color:#a0cf4f;\"><\/i>M\u00f6kki Levin Isorakassa, lomaosakkeessa (Salmenlankartanossa) on tilaa 4-6 henkil\u00f6lle, alakerrassa 39 m^2 ja parvella 24 m^2. M\u00f6kki on hyvin varusteltu ja sielt\u00e4 on lyhyet et\u00e4isyydet aktiviteetteihin.<\/p>\n<\/div><div class=\"nav fusion-mobile-tab-nav\"><ul class=\"nav-tabs nav-justified\"><li><a class=\"tab-link\" data-toggle=\"tab\" id=\"mobile-fusion-tab-asuntop\u00e4rnussa\" href=\"#tab-1b71e2f2ee900c961b7\"><h4 class=\"fusion-tab-heading\">Asunto P\u00e4rnussa<\/h4><\/a><\/li><\/ul><\/div><div class=\"tab-pane fade fusion-clearfix\" id=\"tab-1b71e2f2ee900c961b7\"><i class=\"fontawesome-icon fa fa-home circle-yes\" style=\"border-color:#00a0d2;background-color:#ffffff;font-size:35.2px;line-height:70.4px;height:70.4px;width:70.4px;margin-right:20px;color:#00a0d2;\"><\/i> Hyvin varusteltu ja viihtyis\u00e4 asunto 2 h + kk + parveke P\u00e4rnussa, sijaitsee vain kolmen kilometrin p\u00e4\u00e4ss\u00e4 P\u00e4rnun keskustasta.<\/p>\n<\/div><\/div><\/div><div class=\"fusion-clearfix\"><\/div>\n\n\t\t\t\t\t<\/div>\n\t\t\t\t<\/div><div  class=\"fusion-layout-column fusion_builder_column fusion_builder_column_2_3 fusion-builder-column-5 fusion-two-third fusion-column-last 2_3\"  style='margin-top:0px;margin-bottom:20px;width:65.3333%'>\n\t\t\t\t\t<div class=\"fusion-column-wrapper\" style=\"padding: 0px 0px 0px 0px;background-position:left top;background-repeat:no-repeat;-webkit-background-size:cover;-moz-background-size:cover;-o-background-size:cover;background-size:cover;\"   data-bg-url=\"\">\n\t\t\t\t\t\t<style type=\"text\/css\"><\/style><div class=\"fusion-title title fusion-title-3 fusion-title-text fusion-title-size-two\" style=\"margin-top:0px;margin-bottom:30px;\"><h2 class=\"title-heading-left\" style=\"margin:0;\">Miksi j\u00e4rjest\u00e4yty\u00e4 Insin\u00f6\u00f6riliittoon<\/h2><div class=\"title-sep-container\"><div class=\"title-sep sep-single sep-solid\" style=\"border-color:#e0dede;\"><\/div><\/div><\/div><ul class=\"fusion-checklist fusion-checklist-1\" style=\"font-size:13px;line-height:22.1px;\"><li class=\"fusion-li-item\"><span style=\"background-color:#03a9f4;font-size:11.44px;height:22.1px;width:22.1px;margin-right:9.1px;\" class=\"icon-wrapper circle-yes\"><i class=\"fusion-li-icon fa fa-chevron-right\" style=\"color:#ffffff;\"><\/i><\/span><div class=\"fusion-li-item-content\" style=\"margin-left:31.2px;\">\n<p>Oma liitto on aidosti kiinnostunut ty\u00f6el\u00e4m\u00e4si tasa-arvosta ja tekee lujasti t\u00f6it\u00e4 sen edist\u00e4miseksi.<\/p>\n<\/div><\/li><li class=\"fusion-li-item\"><span style=\"background-color:#03a9f4;font-size:11.44px;height:22.1px;width:22.1px;margin-right:9.1px;\" class=\"icon-wrapper circle-yes\"><i class=\"fusion-li-icon fa fa-chevron-right\" style=\"color:#ffffff;\"><\/i><\/span><div class=\"fusion-li-item-content\" style=\"margin-left:31.2px;\">\n<p>Omasta liitosta saat henkil\u00f6kohtaista ura- ja palkkaneuvontaa yksil\u00f6llisiin tarpeisiisi. Apua l\u00f6ytyy uran jokaiseen k\u00e4\u00e4nteeseen.<\/p>\n<\/div><\/li><li class=\"fusion-li-item\"><span style=\"background-color:#03a9f4;font-size:11.44px;height:22.1px;width:22.1px;margin-right:9.1px;\" class=\"icon-wrapper circle-yes\"><i class=\"fusion-li-icon fa fa-chevron-right\" style=\"color:#ffffff;\"><\/i><\/span><div class=\"fusion-li-item-content\" style=\"margin-left:31.2px;\">\n<p>Saat yt-neuvottelutilanteessa yksil\u00f6llist\u00e4 tukea ja apua omasta liitosta &#8211; ty\u00f6tt\u00f6myyskassasta saat ainoastaan ty\u00f6tt\u00f6myysp\u00e4iv\u00e4rahan ty\u00f6tt\u00f6myyden alettua.<\/p>\n<\/div><\/li><li class=\"fusion-li-item\"><span style=\"background-color:#03a9f4;font-size:11.44px;height:22.1px;width:22.1px;margin-right:9.1px;\" class=\"icon-wrapper circle-yes\"><i class=\"fusion-li-icon fa fa-chevron-right\" style=\"color:#ffffff;\"><\/i><\/span><div class=\"fusion-li-item-content\" style=\"margin-left:31.2px;\">\n<p>Jos ty\u00f6nantaja j\u00e4tt\u00e4\u00e4 palkat maksamatta, oman liiton lakimiehet hoitavat asian selvittelyn puolestasi.<\/p>\n<\/div><\/li><li class=\"fusion-li-item\"><span style=\"background-color:#03a9f4;font-size:11.44px;height:22.1px;width:22.1px;margin-right:9.1px;\" class=\"icon-wrapper circle-yes\"><i class=\"fusion-li-icon fa fa-chevron-right\" style=\"color:#ffffff;\"><\/i><\/span><div class=\"fusion-li-item-content\" style=\"margin-left:31.2px;\">\n<p>Kukaan ei usko joutuvansa ty\u00f6suhteessa hankaluuksiin. Oma liitto auttaa kaikissa ty\u00f6suhteen ongelmatilanteissa sek\u00e4 my\u00f6s positiivissa k\u00e4\u00e4nteiss\u00e4, kuten ty\u00f6sopimuksen laatimisessa.<\/p>\n<\/div><\/li><li class=\"fusion-li-item\"><span style=\"background-color:#03a9f4;font-size:11.44px;height:22.1px;width:22.1px;margin-right:9.1px;\" class=\"icon-wrapper circle-yes\"><i class=\"fusion-li-icon fa fa-link\" style=\"color:#ffffff;\"><\/i><\/span><div class=\"fusion-li-item-content\" style=\"margin-left:31.2px;\">\n<p>Lis\u00e4tietoja <a href=\"https:\/\/www.ilry.fi\/\">Insin\u00f6\u00f6riliitosta<\/a>.<\/p>\n<\/div><\/li><\/ul><div class=\"fusion-clearfix\"><\/div>\n\n\t\t\t\t\t<\/div>\n\t\t\t\t<\/div><\/div><\/div><div class=\"fusion-fullwidth fullwidth-box fusion-builder-row-4 hundred-percent-fullwidth non-hundred-percent-height-scrolling\"  style='background-color: #ffffff;background-position: center center;background-repeat: no-repeat;padding-top:0px;padding-right:0px;padding-bottom:0px;padding-left:0px;'><div class=\"fusion-builder-row fusion-row \"><div  class=\"fusion-layout-column fusion_builder_column fusion_builder_column_1_1 fusion-builder-column-6 fusion-one-full fusion-column-first fusion-column-last fusion-column-no-min-height 1_1\"  style='margin-top:0px;margin-bottom:0px;'>\n\t\t\t\t\t<div class=\"fusion-column-wrapper\" style=\"padding: 0px 0px 0px 0px;background-position:left top;background-blend-mode: overlay;background-repeat:no-repeat;-webkit-background-size:cover;-moz-background-size:cover;-o-background-size:cover;background-size:cover;\"   data-bg-url=\"\">\n\t\t\t\t\t\t<div class=\"fusion-section-separator section-separator triangle\" style=\"border-top:1px solid #03a9f4;margin-left:-0px;margin-right:-0px;\"><div class=\"divider-candy-arrow top\" style=\"bottom:0px;border-bottom-color: #03a9f4;\"><\/div><div class=\"divider-candy top\" style=\"top:-21px;border-bottom:1px solid #03a9f4;border-left:1px solid #03a9f4;\"><\/div><\/div><div class=\"fusion-clearfix\"><\/div>\n\n\t\t\t\t\t<\/div>\n\t\t\t\t<\/div><div  class=\"fusion-layout-column fusion_builder_column fusion_builder_column_1_1 fusion-builder-column-7 fusion-one-full fusion-column-first fusion-column-last fusion-column-no-min-height 1_1\"  style='margin-top:0px;margin-bottom:0px;'>\n\t\t\t\t\t<div class=\"fusion-column-wrapper\" style=\"padding: 0px 0px 0px 0px;background-position:left top;background-repeat:no-repeat;-webkit-background-size:cover;-moz-background-size:cover;-o-background-size:cover;background-size:cover;\"   data-bg-url=\"\">\n\t\t\t\t\t\t<div class=\"fusion-modal modal fade modal-1 fusion2\" tabindex=\"-1\" role=\"dialog\" aria-labelledby=\"modal-heading-1\" aria-hidden=\"true\"><style type=\"text\/css\">.modal-1 .modal-header, .modal-1 .modal-footer{border-color:#ebebeb;}<\/style><div class=\"modal-dialog modal-lg\"><div class=\"modal-content fusion-modal-content\" style=\"background-color:#f6f6f6\"><div class=\"modal-header\"><button class=\"close\" type=\"button\" data-dismiss=\"modal\" aria-hidden=\"true\">&times;<\/button><h3 class=\"modal-title\" id=\"modal-heading-1\" data-dismiss=\"modal\" aria-hidden=\"true\">How About This Wicked Cool Popup Modal?<\/h3><\/div><div class=\"modal-body fusion-clearfix\"><\/div><div class=\"modal-footer\"><a class=\"fusion-button button-default button-medium button default medium\" data-dismiss=\"modal\">Close<\/a><\/div><\/div><\/div><\/div><div class=\"fusion-clearfix\"><\/div>\n\n\t\t\t\t\t<\/div>\n\t\t\t\t<\/div><\/div><\/div><div class=\"fusion-fullwidth fullwidth-box fusion-builder-row-5 nonhundred-percent-fullwidth non-hundred-percent-height-scrolling\"  style='background-color: #03a9f4;background-position: left top;background-repeat: no-repeat;padding-top:35px;padding-right:0px;padding-bottom:0px;padding-left:0px;border-top-width:1px;border-bottom-width:1px;border-color:#03a9f4;border-top-style:solid;border-bottom-style:solid;'><div class=\"fusion-builder-row fusion-row \"><div  class=\"fusion-layout-column fusion_builder_column fusion_builder_column_1_3 fusion-builder-column-8 fusion-one-third fusion-column-first 1_3\"  style='margin-top:0px;margin-bottom:20px;width:30.6666%; margin-right: 4%;'>\n\t\t\t\t\t<div class=\"fusion-column-wrapper\" style=\"padding: 0px 0px 0px 0px;background-position:left top;background-repeat:no-repeat;-webkit-background-size:cover;-moz-background-size:cover;-o-background-size:cover;background-size:cover;\"   data-bg-url=\"\">\n\t\t\t\t\t\t<div class=\"fusion-sep-clear\"><\/div><div class=\"fusion-separator fusion-full-width-sep sep-double sep-solid\" style=\"border-color:#ffffff;border-top-width:1px;border-bottom-width:1px;margin-left: auto;margin-right: auto;margin-top:25px;margin-bottom:25px;\"><\/div><div class=\"fusion-clearfix\"><\/div>\n\n\t\t\t\t\t<\/div>\n\t\t\t\t<\/div><div  class=\"fusion-layout-column fusion_builder_column fusion_builder_column_1_3 fusion-builder-column-9 fusion-one-third fusion-column-inner-bg-wrapper 1_3\"  style='margin-top:0px;margin-bottom:20px;width:30.6666%; margin-right: 4%;'>\n\t\t\t\t\t<div class=\"fusion-column-wrapper\" style=\"padding: 0px 0px 0px 0px;\"  data-bg-url=\"\">\n\t\t\t\t\t\t<div class=\"fusion-button-wrapper fusion-aligncenter\"><style type=\"text\/css\">.fusion-button.button-1 .fusion-button-text, .fusion-button.button-1 i {color:rgba(255,255,255,.7);}.fusion-button.button-1 .fusion-button-icon-divider{border-color:rgba(255,255,255,.7);}.fusion-button.button-1:hover .fusion-button-text, .fusion-button.button-1:hover i,.fusion-button.button-1:focus .fusion-button-text, .fusion-button.button-1:focus i,.fusion-button.button-1:active .fusion-button-text, .fusion-button.button-1:active{color:#fff;}.fusion-button.button-1:hover .fusion-button-icon-divider, .fusion-button.button-1:hover .fusion-button-icon-divider, .fusion-button.button-1:active .fusion-button-icon-divider{border-color:#fff;}.fusion-button.button-1:hover, .fusion-button.button-1:focus, .fusion-button.button-1:active{border-color:#fff;border-width:1px;}.fusion-button.button-1 {border-color:rgba(255,255,255,.7);border-width:1px;border-radius:2px;}.fusion-button.button-1{background: rgba(255,255,255,0);}.fusion-button.button-1:hover,.button-1:focus,.fusion-button.button-1:active{background: rgba(255,255,255,.05);}<\/style><a class=\"fusion-button button-flat button-xlarge button-custom button-1 fusion-button-default-span \" target=\"_self\" href=\"https:\/\/www.vri.fi\/vriry\/jasenelle\/\"><span class=\"fusion-button-text\">Mit\u00e4 muuta saat?<\/span><\/a><\/div><div class=\"fusion-clearfix\"><\/div>\n\t\t\t\t\t<\/div><span class=\"fusion-column-inner-bg hover-type-none\" >\n\t\t\t\t\t\t<a href=\"https:\/\/www.vri.fi\/vriry\/jasenelle\/\" aria-label=\"\">\n\t\t\t\t\t\t\t<span class=\"fusion-column-inner-bg-image\"  style=\"background-position:left top;background-repeat:no-repeat;-webkit-background-size:cover;-moz-background-size:cover;-o-background-size:cover;background-size:cover;\"><\/span><\/a>\n\t\t\t\t\t<\/span>\n\t\t\t\t<\/div><div  class=\"fusion-layout-column fusion_builder_column fusion_builder_column_1_3 fusion-builder-column-10 fusion-one-third fusion-column-last 1_3\"  style='margin-top:0px;margin-bottom:20px;width:30.6666%'>\n\t\t\t\t\t<div class=\"fusion-column-wrapper\" style=\"padding: 0px 0px 0px 0px;background-position:left top;background-repeat:no-repeat;-webkit-background-size:cover;-moz-background-size:cover;-o-background-size:cover;background-size:cover;\"   data-bg-url=\"\">\n\t\t\t\t\t\t<div class=\"fusion-sep-clear\"><\/div><div class=\"fusion-separator fusion-full-width-sep sep-double sep-solid\" style=\"border-color:#ffffff;border-top-width:1px;border-bottom-width:1px;margin-left: auto;margin-right: auto;margin-top:25px;margin-bottom:25px;\"><\/div><div class=\"fusion-clearfix\"><\/div>\n\n\t\t\t\t\t<\/div>\n\t\t\t\t<\/div><\/div><\/div><\/p>\n","protected":false},"excerpt":{"rendered":"","protected":false},"author":1,"featured_media":0,"parent":0,"menu_order":0,"comment_status":"closed","ping_status":"closed","template":"100-width.php","meta":{"footnotes":""},"class_list":["post-3494","page","type-page","status-publish","hentry"],"_links":{"self":[{"href":"https:\/\/www.vri.fi\/vriry\/wp-json\/wp\/v2\/pages\/3494","targetHints":{"allow":["GET"]}}],"collection":[{"href":"https:\/\/www.vri.fi\/vriry\/wp-json\/wp\/v2\/pages"}],"about":[{"href":"https:\/\/www.vri.fi\/vriry\/wp-json\/wp\/v2\/types\/page"}],"author":[{"embeddable":true,"href":"https:\/\/www.vri.fi\/vriry\/wp-json\/wp\/v2\/users\/1"}],"replies":[{"embeddable":true,"href":"https:\/\/www.vri.fi\/vriry\/wp-json\/wp\/v2\/comments?post=3494"}],"version-history":[{"count":58,"href":"https:\/\/www.vri.fi\/vriry\/wp-json\/wp\/v2\/pages\/3494\/revisions"}],"predecessor-version":[{"id":12782,"href":"https:\/\/www.vri.fi\/vriry\/wp-json\/wp\/v2\/pages\/3494\/revisions\/12782"}],"wp:attachment":[{"href":"https:\/\/www.vri.fi\/vriry\/wp-json\/wp\/v2\/media?parent=3494"}],"curies":[{"name":"wp","href":"https:\/\/api.w.org\/{rel}","templated":true}]}}